{"id":6521,"date":"2025-12-29T21:03:54","date_gmt":"2025-12-29T20:03:54","guid":{"rendered":"https:\/\/levarq.blogs.upv.es\/?page_id=6521"},"modified":"2025-12-29T21:37:30","modified_gmt":"2025-12-29T20:37:30","slug":"fortmed","status":"publish","type":"page","link":"https:\/\/levarq.blogs.upv.es\/?page_id=6521","title":{"rendered":""},"content":{"rendered":"\n<p class=\"has-large-font-size\"><strong>FORTMED<\/strong><\/p>\n\n\n\n<table id=\"tablepress-63\" class=\"tablepress tablepress-id-63\">\n<thead>\n<tr class=\"row-1\">\n\t<th class=\"column-1\"><a href=\"https:\/\/www.fortmed.eu\/msg_bnv.html\">CONGRESO<\/a>   |   <a href=\"https:\/\/www.fortmed.eu\/index.html\">PUBLICACIONES FORTMED<\/a><\/th>\n<\/tr>\n<\/thead>\n<tbody class=\"row-striping row-hover\">\n<tr class=\"row-2\">\n\t<td class=\"column-1\"><\/td>\n<\/tr>\n<\/tbody>\n<\/table>\n\n\n\n<p style=\"font-size:18px\"><strong>La asociaci\u00f3n<\/strong><\/p>\n\n\n\n<p style=\"font-size:15px\">Bienvenido al sitio web de la <strong>Asociaci\u00f3n Cient\u00edfica Internacional para las Fortificaciones del Mediterr\u00e1neo, FORTMED<\/strong>. Aqu\u00ed encontrar\u00e1s toda la informaci\u00f3n sobre las actividades de la asociaci\u00f3n, inclu\u00eddas nuestras publicaciones, nuestro congreso y otras actividades.<\/p>\n\n\n\n<p style=\"font-size:15px\">La defensa de la costa mediterr\u00e1nea es un \u00e1rea tem\u00e1tica abordada por muchos investigadores y acad\u00e9micos, que se traduce en una cantidad significativa de avances del conocimiento reflejados en la gran cantidad de historiograf\u00eda existente. La historia de esta \u00e1rea es verdaderamente extraordinaria: humanismo, avances tecnol\u00f3gicos, nuevos roles para ingenieros y arquitectos, progreso en cartograf\u00eda mar\u00edtima e ingenier\u00eda naval, y todo esto se sumado a nuevos descubrimientos de tierras, imperios florecientes y, por supuesto, pirater\u00eda y guerras.&nbsp;Todos estos factores est\u00e1n presentes de una forma u otra en el Mediterr\u00e1neo, que tambi\u00e9n desempe\u00f1\u00f3 un papel vital por su gran cantidad de fronteras entre reinos y religiones.<\/p>\n\n\n\n<p style=\"font-size:15px\">Los&nbsp;<strong>objetivos<\/strong>&nbsp;principales de FORTMED son el intercambio de investigaciones y la puesta en com\u00fan para el mejor conocimiento, valorizaci\u00f3n, gesti\u00f3n y explotaci\u00f3n de la Cultura y del Patrimonio que se desarroll\u00f3 en la costa mediterr\u00e1nea, teniendo presente tambi\u00e9n las manifestaciones que tuvieron lugar en ultramar.<\/p>\n\n\n\n<p style=\"font-size:15px\">La Asociaci\u00f3n tiene un car\u00e1cter&nbsp;<strong>interdisciplinar,<\/strong>&nbsp;en donde participan arquitectos, ingenieros, arque\u00f3logos, historiadores, ge\u00f3grafos, ge\u00f3logos, cart\u00f3grafos, gestores del patrimonio, expertos de turismo, expertos en la restauraci\u00f3n-conservaci\u00f3n y difusi\u00f3n del patrimonio. La idea es aportar visiones m\u00e1s integradoras, m\u00e1s reales, m\u00e1s actuales, que nos lleven al nivel donde se deben encontrar las investigaciones de esta materia, en el siglo XXI.<\/p>\n\n\n\n<p style=\"font-size:15px\">\u00bfNecesitas el apoyo de FORTMED en alguna actividad cultural? No dudes en dec\u00edrnoslo. Por favor, pres\u00e9ntanos tu nueva investigaci\u00f3n, intercambia ideas, prop\u00f3n colaboraciones. Todos los acad\u00e9micos, universitarios e investigadores son bienvenidos.<\/p>\n\n\n\n<p style=\"font-size:18px\"><strong>Comit\u00e9 Ejecutivo<\/strong><\/p>\n\n\n\n<p style=\"font-size:15px\">Presidente. Pablo Rodr\u00edguez-Navarro. Universitat Polit\u00e8cnica de Val\u00e8ncia (Espa\u00f1a)<\/p>\n\n\n\n<p style=\"font-size:15px\">Vice-Presidente. Giorgio Verdiani. Universit\u00e0 degli Studi di Firenze (Italia)<\/p>\n\n\n\n<p style=\"font-size:15px\">Secretaria. Teresa Gil-Piqueras. Universitat Polit\u00e8cnica de Val\u00e8ncia (Espa\u00f1a)<\/p>\n\n\n\n<p style=\"font-size:18px\"><strong>Comit\u00e9 Cient\u00edfico<\/strong><\/p>\n\n\n\n<p style=\"font-size:15px\">Alessandro Camiz. Girne American University. Chipre<\/p>\n\n\n\n<p style=\"font-size:15px\">Alicia C\u00e1mara Mu\u00f1oz. UNED. Espa\u00f1a<\/p>\n\n\n\n<p style=\"font-size:15px\">Andrea Pirinu. Universit\u00e0 di Cagliari. Italia<\/p>\n\n\n\n<p style=\"font-size:15px\">Andreas Georgopoulos. Nat. Tec. University of Athens. Grecia<\/p>\n\n\n\n<p style=\"font-size:15px\">Andr\u00e9s Mart\u00ednez Medina. Universidad de Alicante. Espa\u00f1a<\/p>\n\n\n\n<p style=\"font-size:15px\">Angel Benigno Gonz\u00e1lez. Universidad de Alicante. Espa\u00f1a<\/p>\n\n\n\n<p style=\"font-size:15px\">Anna Guarducci. Universit\u00e0 di Siena. Italia<\/p>\n\n\n\n<p style=\"font-size:15px\">Anna Marotta. Politecnico di Torino. Italia<\/p>\n\n\n\n<p style=\"font-size:15px\">Annalisa Dameri. Politecnico di Torino. Italia<\/p>\n\n\n\n<p style=\"font-size:15px\">Antonio Almagro Gorbea. CSIC. Espa\u00f1a<\/p>\n\n\n\n<p style=\"font-size:15px\">Arturo Zaragoz\u00e1 Catal\u00e1n. Generalitat Valenciana. Castell\u00f3n. Espa\u00f1a<\/p>\n\n\n\n<p style=\"font-size:15px\">Boutheina Bouzid. Ecole Nationale d\u2019Architecture. T\u00fanez<\/p>\n\n\n\n<p style=\"font-size:15px\">Concepci\u00f3n L\u00f3pez Gonz\u00e1lez. UPV. Espa\u00f1a<\/p>\n\n\n\n<p style=\"font-size:15px\">Faissal Cherradi. Ministerio de Cultura del Reino de Marruecos. Marruecos<\/p>\n\n\n\n<p style=\"font-size:15px\">Fernando Cobos Guerra. Arquitecto. Espa\u00f1a<\/p>\n\n\n\n<p style=\"font-size:15px\">Francisco Juan Vidal. Universitat Polit\u00e8cnica de Val\u00e8ncia. Espa\u00f1a<\/p>\n\n\n\n<p style=\"font-size:15px\">Gabriele Guidi. Politecnico di Milano. Italia<\/p>\n\n\n\n<p style=\"font-size:15px\">Giorgio Verdiani. Universit\u00e0 degli Studi di Firenze. Italia<\/p>\n\n\n\n<p style=\"font-size:15px\">Gjergji Islami. Universiteti Politeknik i Tiran\u00ebs. Albania<\/p>\n\n\n\n<p style=\"font-size:15px\">Jo\u00e3o Campos, Centro de Estudios de Arquitectura Militar de Almeida. Portugal<\/p>\n\n\n\n<p style=\"font-size:15px\">John Harris. Fortress Study Group. Reino Unido<\/p>\n\n\n\n<p style=\"font-size:15px\">Juan Antonio Mira Rico, Universitat Oberta de Catalunya. Espa\u00f1a<\/p>\n\n\n\n<p style=\"font-size:15px\">Marco Bevilacqua. Universit\u00e0 di Pisa. Italia<\/p>\n\n\n\n<p style=\"font-size:15px\">Marco Vitali. Politecnico di Torino. Italia<\/p>\n\n\n\n<p style=\"font-size:15px\">Nicolas Faucherre. Aix-Marseille Universit\u00e9 \u2013 CNRS. Francia<\/p>\n\n\n\n<p style=\"font-size:15px\">Ornella Zerlenga. Universit\u00e0 degli Studi della Campania \u2018Luigi Vanvitelli\u2019. Italia<\/p>\n\n\n\n<p style=\"font-size:15px\">Pablo Rodr\u00edguez-Navarro. Universitat Polit\u00e8cnica de Val\u00e8ncia. Espa\u00f1a<\/p>\n\n\n\n<p style=\"font-size:15px\">Per Cornell. University of Gothenburg. Suecia<\/p>\n\n\n\n<p style=\"font-size:15px\">Philippe Bragard. Universit\u00e9 catholique de Louvain. B\u00e9lgica<\/p>\n\n\n\n<p style=\"font-size:15px\">Rand Eppich. Universidad Polit\u00e9cnica de Madrid. Espa\u00f1a<\/p>\n\n\n\n<p style=\"font-size:15px\">Roberta Spallone. Politecnico di Torino. Italia<\/p>\n\n\n\n<p style=\"font-size:15px\">Sandro Parrinello. Universit\u00e0 di Pavia. Italia<\/p>\n\n\n\n<p style=\"font-size:15px\">Stefano Bertocci. Universit\u00e0 degli Studi di Firenze. Italia<\/p>\n\n\n\n<p style=\"font-size:15px\">Stefano Columbu, Universit\u00e0 di Cagliari. Italia<\/p>\n\n\n\n<p style=\"font-size:15px\">Teresa Gil Piqueras. Universitat Polit\u00e8cnica de Val\u00e8ncia. Espa\u00f1a<\/p>\n\n\n\n<p style=\"font-size:15px\">V\u00edctor Echarri Iribarren. Universitat d\u2019Alacant. Espa\u00f1a<\/p>\n\n\n\n<p style=\"font-size:18px\"><strong>Actividades de la Asociaci\u00f3n<\/strong><\/p>\n\n\n\n<p style=\"font-size:15px\">La principal actividad de la Asociaci\u00f3n es nuestro&nbsp;<em>Congreso Internacional sobre Fortificaciones de la Costa del Mediterraneo<\/em>&nbsp;y su actas, editadas en una colecci\u00f3n denominada&nbsp;<em>Defensive Architecture of the Mediterranean<\/em>.<\/p>\n\n\n\n<p style=\"font-size:15px\">Otras actividades de la Asociaci\u00f3n:<\/p>\n\n\n\n<p style=\"font-size:15px\">\u2013 Facilitar intercambios y estancias de profesores, doctorandos y estudiantes en otras universidades.<\/p>\n\n\n\n<p style=\"font-size:15px\">\u2013 Facilitar sinergias entre distintos grupos de investigaci\u00f3n para favorecer las propuestas de proyectos e investigaciones.<\/p>\n\n\n\n<p style=\"font-size:15px\">\u2013 Organizar workshops, escuelas de verano, cursos,\u2026 con participaci\u00f3n universitaria de distintos paises.<\/p>\n\n\n\n<p style=\"font-size:15px\">\u2013 Facilitar la direcci\u00f3n de doctorados con menci\u00f3n europea.<\/p>\n\n\n\n<p style=\"font-size:18px\"><strong>El Congreso<\/strong><\/p>\n\n\n\n<p style=\"font-size:15px\">Presentado en 2015 como el&nbsp;<strong>Congreso Internacional sobre Fortificaciones de la Costa del Mediterr\u00e1neo,&nbsp; FORTMED2015<\/strong>, se han llevado a cabo las siguientes ediciones:<\/p>\n\n\n\n<p style=\"font-size:15px\">FORTMED_Valencia, 15 al 17 de Octubre de 2015, en el Instituto de Restauracion del Patrimonio de la Universitat Polit\u00e8cnica de Val\u00e8ncia, Espa\u00f1a<\/p>\n\n\n\n<p style=\"font-size:15px\">FORTMED_Firenze, 10 al 12 de Nobiembre de 2016 en el&nbsp; Dipartimento di Architettura, Universit\u00e0 degli Studi di Firenze, Italia<\/p>\n\n\n\n<p style=\"font-size:15px\">FORTMED_Alicante, 26 al 28 de Octubre de 2017 en la Escuela T\u00e9cnica Superior de Arquitectura de la Universitat de Alacant, Espa\u00f1a<\/p>\n\n\n\n<p style=\"font-size:15px\">FORTMED_Torino, 18 al 20 de Octubre de 2018 en el Politecnico di Torino \u2013 Dipartimento di Architettura, e Design, Castello del Valentino, Tur\u00edn, Italia<\/p>\n\n\n\n<p style=\"font-size:15px\">FORTMED_Granada, 4 al 6 de Octubre de 2020 en la Escuela de Estudios \u00c1rabes \u2013 Laboratorio de Arqueolog\u00eda y Arquitectura de la Ciudad, Consejo Superior de Investigaciones Cient\u00edficas (CSIC), Granada, Espa\u00f1a<\/p>\n\n\n\n<p style=\"font-size:15px\">FORTMED_Pisa, 23 al 25 de Marzo de 2023 en la Universit\u00e0 di Pisa \u2013 Dipartimento di&nbsp;Ingegneria&nbsp;dell\u2019Energia, dei Sistemi, del Territorio e delle Costruzioni, Pisa, Italia<\/p>\n\n\n\n<p style=\"font-size:15px\">FORTMED_Tirana, del 18 al 20 de abril de 2024 en el Polytechnic University in Tirana, Albania. Department of Architecture, Faculty of Architecture and Urbanism, Albania.<\/p>\n\n\n\n<p style=\"font-size:15px\">FORTMED_N\u00e1poles, del 10 al 12 de Abril de 2025, en la Universit\u00e0 della Campania \u2018Luigi Vanvitelli\u2019, Caserta, Italia<\/p>\n\n\n\n<p style=\"font-size:15px\">Pr\u00f3xima edici\u00f3n <a href=\"https:\/\/www.fortmed.eu\/index_esp.html\">FORTMED_Roma<\/a>, los d\u00edas&nbsp;19, 20 y 21 de febrero de 2026&nbsp;en la&nbsp;Sapienza Universidad de Roma, Roma (Italia). Organiza el&nbsp;Departamento de Historia, Dise\u00f1o y Restauraci\u00f3n de la Arquitectura (Dipartimento di Storia, Disegno e Restauro dell&#8217;Architettura &#8211; DSDRA)<\/p>\n","protected":false},"excerpt":{"rendered":"<p>FORTMED La asociaci\u00f3n Bienvenido al sitio web de la Asociaci\u00f3n Cient\u00edfica Internacional para las Fortificaciones del Mediterr\u00e1neo, FORTMED. Aqu\u00ed encontrar\u00e1s toda la informaci\u00f3n sobre las actividades de la asociaci\u00f3n, inclu\u00eddas nuestras publicaciones, nuestro congreso y otras actividades. La defensa de la costa mediterr\u00e1nea es un \u00e1rea tem\u00e1tica abordada por muchos investigadores y acad\u00e9micos, que se<\/p>\n<p class=\"more-link\"><a href=\"https:\/\/levarq.blogs.upv.es\/?page_id=6521\" class=\"themebutton2\">Read More<\/a><\/p>\n","protected":false},"author":995,"featured_media":0,"parent":0,"menu_order":0,"comment_status":"closed","ping_status":"closed","template":"","meta":{"footnotes":""},"class_list":["post-6521","page","type-page","status-publish","hentry"],"_links":{"self":[{"href":"https:\/\/levarq.blogs.upv.es\/index.php?rest_route=\/wp\/v2\/pages\/6521","targetHints":{"allow":["GET"]}}],"collection":[{"href":"https:\/\/levarq.blogs.upv.es\/index.php?rest_route=\/wp\/v2\/pages"}],"about":[{"href":"https:\/\/levarq.blogs.upv.es\/index.php?rest_route=\/wp\/v2\/types\/page"}],"author":[{"embeddable":true,"href":"https:\/\/levarq.blogs.upv.es\/index.php?rest_route=\/wp\/v2\/users\/995"}],"replies":[{"embeddable":true,"href":"https:\/\/levarq.blogs.upv.es\/index.php?rest_route=%2Fwp%2Fv2%2Fcomments&post=6521"}],"version-history":[{"count":2,"href":"https:\/\/levarq.blogs.upv.es\/index.php?rest_route=\/wp\/v2\/pages\/6521\/revisions"}],"predecessor-version":[{"id":6539,"href":"https:\/\/levarq.blogs.upv.es\/index.php?rest_route=\/wp\/v2\/pages\/6521\/revisions\/6539"}],"wp:attachment":[{"href":"https:\/\/levarq.blogs.upv.es\/index.php?rest_route=%2Fwp%2Fv2%2Fmedia&parent=6521"}],"curies":[{"name":"wp","href":"https:\/\/api.w.org\/{rel}","templated":true}]}}