{"id":6330,"date":"2025-06-17T10:58:59","date_gmt":"2025-06-17T09:58:59","guid":{"rendered":"https:\/\/levarq.blogs.upv.es\/?page_id=6330"},"modified":"2025-06-17T15:06:17","modified_gmt":"2025-06-17T14:06:17","slug":"e1-5-castillo-de-los-ares","status":"publish","type":"page","link":"https:\/\/levarq.blogs.upv.es\/?page_id=6330","title":{"rendered":"E-1.5 Castillo de Los Ares"},"content":{"rendered":"\n<p id=\"block-50ad24f6-822b-405b-895a-f91e77caa3a6\"><a href=\"https:\/\/levarq.blogs.upv.es\/?page_id=4643\">3D4HERITAGE<\/a>&nbsp;|&nbsp;<a href=\"https:\/\/levarq.blogs.upv.es\/?page_id=4714\">OBJETIVOS<\/a>&nbsp;|&nbsp;<a href=\"https:\/\/levarq.blogs.upv.es\/?page_id=4715\">EQUIPO DE INVESTIGACI\u00d3N<\/a>&nbsp;|&nbsp;<a href=\"https:\/\/levarq.blogs.upv.es\/?page_id=4814\">ESCENARIOS<\/a>&nbsp;|&nbsp;<a href=\"https:\/\/levarq.blogs.upv.es\/?page_id=4950\">PRODUCCI\u00d3N CIENT\u00cdFICA<\/a>&nbsp;|&nbsp;<a href=\"https:\/\/levarq.blogs.upv.es\/?page_id=4716\">ACTIVIDADES&nbsp;<\/a>|&nbsp;<a href=\"https:\/\/levarq.blogs.upv.es\/?page_id=4833\">BASE DE DATOS BIBLIOGR\u00c1FICA<\/a><\/p>\n\n\n\n<figure class=\"wp-block-image size-full\"><img loading=\"lazy\" decoding=\"async\" width=\"1500\" height=\"474\" src=\"http:\/\/levarq.blogs.upv.es\/wp-content\/uploads\/2025\/06\/Cast_Pozondon_ALZADO.jpg\" alt=\"\" class=\"wp-image-6331\" srcset=\"https:\/\/levarq.blogs.upv.es\/wp-content\/uploads\/2025\/06\/Cast_Pozondon_ALZADO.jpg 1500w, https:\/\/levarq.blogs.upv.es\/wp-content\/uploads\/2025\/06\/Cast_Pozondon_ALZADO-768x243.jpg 768w\" sizes=\"auto, (max-width: 1500px) 100vw, 1500px\" \/><\/figure>\n\n\n\n<p id=\"block-66d8cd17-cc8d-4ba0-bccc-44e3cfe12c75\">Alzado <\/p>\n\n\n\n<figure class=\"wp-block-image size-full\"><img loading=\"lazy\" decoding=\"async\" width=\"1500\" height=\"1058\" src=\"https:\/\/levarq.blogs.upv.es\/wp-content\/uploads\/2025\/06\/Cast_PozondonPlanta.jpg\" alt=\"\" class=\"wp-image-6332\" srcset=\"https:\/\/levarq.blogs.upv.es\/wp-content\/uploads\/2025\/06\/Cast_PozondonPlanta.jpg 1500w, https:\/\/levarq.blogs.upv.es\/wp-content\/uploads\/2025\/06\/Cast_PozondonPlanta-768x542.jpg 768w\" sizes=\"auto, (max-width: 1500px) 100vw, 1500px\" \/><\/figure>\n\n\n\n<p id=\"block-185e5ac5-a330-4f4d-b027-54a535bc973e\">planta del Castillo <\/p>\n\n\n\n<p><\/p>\n","protected":false},"excerpt":{"rendered":"<p>3D4HERITAGE&nbsp;|&nbsp;OBJETIVOS&nbsp;|&nbsp;EQUIPO DE INVESTIGACI\u00d3N&nbsp;|&nbsp;ESCENARIOS&nbsp;|&nbsp;PRODUCCI\u00d3N CIENT\u00cdFICA&nbsp;|&nbsp;ACTIVIDADES&nbsp;|&nbsp;BASE DE DATOS BIBLIOGR\u00c1FICA Alzado planta del Castillo<\/p>\n","protected":false},"author":995,"featured_media":0,"parent":0,"menu_order":0,"comment_status":"closed","ping_status":"closed","template":"","meta":{"footnotes":""},"class_list":["post-6330","page","type-page","status-publish","hentry"],"_links":{"self":[{"href":"https:\/\/levarq.blogs.upv.es\/index.php?rest_route=\/wp\/v2\/pages\/6330","targetHints":{"allow":["GET"]}}],"collection":[{"href":"https:\/\/levarq.blogs.upv.es\/index.php?rest_route=\/wp\/v2\/pages"}],"about":[{"href":"https:\/\/levarq.blogs.upv.es\/index.php?rest_route=\/wp\/v2\/types\/page"}],"author":[{"embeddable":true,"href":"https:\/\/levarq.blogs.upv.es\/index.php?rest_route=\/wp\/v2\/users\/995"}],"replies":[{"embeddable":true,"href":"https:\/\/levarq.blogs.upv.es\/index.php?rest_route=%2Fwp%2Fv2%2Fcomments&post=6330"}],"version-history":[{"count":2,"href":"https:\/\/levarq.blogs.upv.es\/index.php?rest_route=\/wp\/v2\/pages\/6330\/revisions"}],"predecessor-version":[{"id":6421,"href":"https:\/\/levarq.blogs.upv.es\/index.php?rest_route=\/wp\/v2\/pages\/6330\/revisions\/6421"}],"wp:attachment":[{"href":"https:\/\/levarq.blogs.upv.es\/index.php?rest_route=%2Fwp%2Fv2%2Fmedia&parent=6330"}],"curies":[{"name":"wp","href":"https:\/\/api.w.org\/{rel}","templated":true}]}}