{"id":6316,"date":"2025-06-17T10:43:09","date_gmt":"2025-06-17T09:43:09","guid":{"rendered":"https:\/\/levarq.blogs.upv.es\/?page_id=6316"},"modified":"2025-06-17T15:05:55","modified_gmt":"2025-06-17T14:05:55","slug":"e1-4-castillo-de-mauz","status":"publish","type":"page","link":"https:\/\/levarq.blogs.upv.es\/?page_id=6316","title":{"rendered":"E-1.4 Castillo de Mauz"},"content":{"rendered":"\n<figure class=\"wp-block-gallery has-nested-images columns-default is-cropped wp-block-gallery-1 is-layout-flex wp-block-gallery-is-layout-flex\"><\/figure>\n\n\n\n<p><strong><a href=\"https:\/\/levarq.blogs.upv.es\/?page_id=4643\">3D4HERITAGE<\/a>&nbsp;|&nbsp;<a href=\"https:\/\/levarq.blogs.upv.es\/?page_id=4714\">OBJETIVOS<\/a>&nbsp;|&nbsp;<a href=\"https:\/\/levarq.blogs.upv.es\/?page_id=4715\">EQUIPO DE INVESTIGACI\u00d3N<\/a>&nbsp;|&nbsp;<a href=\"https:\/\/levarq.blogs.upv.es\/?page_id=4814\">ESCENARIOS<\/a>&nbsp;|&nbsp;<a href=\"https:\/\/levarq.blogs.upv.es\/?page_id=4950\">PRODUCCI\u00d3N CIENT\u00cdFICA<\/a>&nbsp;|&nbsp;<a href=\"https:\/\/levarq.blogs.upv.es\/?page_id=4716\">ACTIVIDADES&nbsp;<\/a>|&nbsp;<a href=\"https:\/\/levarq.blogs.upv.es\/?page_id=4833\">BASE DE DATOS BIBLIOGR\u00c1FICA<\/a><\/strong><\/p>\n\n\n\n<p>Rodr\u00edguez-Navarro, P. &amp; Gil-Piqueras, T. (2024). Est\u00e1ndares y m\u00e9todos para optimizar la digitalizaci\u00f3n 3D de las fortificaciones. En <em>Defensive Architecture of the Mediterranean: Proceedings of FORTMED 2024<\/em> (pp. 555\u2013562). Universitat Polit\u00e8cnica de Val\u00e8ncia. <a href=\"https:\/\/doi.org\/10.4995\/fortmed2024.2024.18097\">https:\/\/doi.org\/10.4995\/fortmed2024.2024.18097<\/a>.Alzado noroste<\/p>\n\n\n\n<figure class=\"wp-block-image size-full\"><img loading=\"lazy\" decoding=\"async\" width=\"1300\" height=\"824\" src=\"https:\/\/levarq.blogs.upv.es\/wp-content\/uploads\/2025\/06\/Castillo-de-Mauz_Alzado-300-16.jpg\" alt=\"\" class=\"wp-image-6317\" srcset=\"https:\/\/levarq.blogs.upv.es\/wp-content\/uploads\/2025\/06\/Castillo-de-Mauz_Alzado-300-16.jpg 1300w, https:\/\/levarq.blogs.upv.es\/wp-content\/uploads\/2025\/06\/Castillo-de-Mauz_Alzado-300-16-768x487.jpg 768w\" sizes=\"auto, (max-width: 1300px) 100vw, 1300px\" \/><\/figure>\n\n\n\n<figure class=\"wp-block-image size-full\"><img loading=\"lazy\" decoding=\"async\" width=\"1300\" height=\"1083\" src=\"https:\/\/levarq.blogs.upv.es\/wp-content\/uploads\/2025\/06\/Castillo-Mauz_Planta-2.jpg\" alt=\"\" class=\"wp-image-6318\" srcset=\"https:\/\/levarq.blogs.upv.es\/wp-content\/uploads\/2025\/06\/Castillo-Mauz_Planta-2.jpg 1300w, https:\/\/levarq.blogs.upv.es\/wp-content\/uploads\/2025\/06\/Castillo-Mauz_Planta-2-768x640.jpg 768w\" sizes=\"auto, (max-width: 1300px) 100vw, 1300px\" \/><\/figure>\n\n\n\n<p>planta del Castillo de Mauz<\/p>\n","protected":false},"excerpt":{"rendered":"<p>3D4HERITAGE&nbsp;|&nbsp;OBJETIVOS&nbsp;|&nbsp;EQUIPO DE INVESTIGACI\u00d3N&nbsp;|&nbsp;ESCENARIOS&nbsp;|&nbsp;PRODUCCI\u00d3N CIENT\u00cdFICA&nbsp;|&nbsp;ACTIVIDADES&nbsp;|&nbsp;BASE DE DATOS BIBLIOGR\u00c1FICA Rodr\u00edguez-Navarro, P. &amp; Gil-Piqueras, T. (2024). Est\u00e1ndares y m\u00e9todos para optimizar la digitalizaci\u00f3n 3D de las fortificaciones. En Defensive Architecture of the Mediterranean: Proceedings of FORTMED 2024 (pp. 555\u2013562). Universitat Polit\u00e8cnica de Val\u00e8ncia. https:\/\/doi.org\/10.4995\/fortmed2024.2024.18097.Alzado noroste planta del Castillo de Mauz<\/p>\n","protected":false},"author":995,"featured_media":0,"parent":0,"menu_order":0,"comment_status":"closed","ping_status":"closed","template":"","meta":{"footnotes":""},"class_list":["post-6316","page","type-page","status-publish","hentry"],"_links":{"self":[{"href":"https:\/\/levarq.blogs.upv.es\/index.php?rest_route=\/wp\/v2\/pages\/6316","targetHints":{"allow":["GET"]}}],"collection":[{"href":"https:\/\/levarq.blogs.upv.es\/index.php?rest_route=\/wp\/v2\/pages"}],"about":[{"href":"https:\/\/levarq.blogs.upv.es\/index.php?rest_route=\/wp\/v2\/types\/page"}],"author":[{"embeddable":true,"href":"https:\/\/levarq.blogs.upv.es\/index.php?rest_route=\/wp\/v2\/users\/995"}],"replies":[{"embeddable":true,"href":"https:\/\/levarq.blogs.upv.es\/index.php?rest_route=%2Fwp%2Fv2%2Fcomments&post=6316"}],"version-history":[{"count":2,"href":"https:\/\/levarq.blogs.upv.es\/index.php?rest_route=\/wp\/v2\/pages\/6316\/revisions"}],"predecessor-version":[{"id":6420,"href":"https:\/\/levarq.blogs.upv.es\/index.php?rest_route=\/wp\/v2\/pages\/6316\/revisions\/6420"}],"wp:attachment":[{"href":"https:\/\/levarq.blogs.upv.es\/index.php?rest_route=%2Fwp%2Fv2%2Fmedia&parent=6316"}],"curies":[{"name":"wp","href":"https:\/\/api.w.org\/{rel}","templated":true}]}}