{"id":5735,"date":"2023-05-30T10:46:35","date_gmt":"2023-05-30T09:46:35","guid":{"rendered":"https:\/\/levarq.blogs.upv.es\/?page_id=5735"},"modified":"2025-06-17T15:03:27","modified_gmt":"2025-06-17T14:03:27","slug":"2-1-iglesia-de-nuestra-senora-de-sales-2","status":"publish","type":"page","link":"https:\/\/levarq.blogs.upv.es\/?page_id=5735","title":{"rendered":"E-2.2 Iglesia de Nuestra Se\u00f1ora de Sales"},"content":{"rendered":"\n<table id=\"tablepress-23\" class=\"tablepress tablepress-id-23\">\n<tbody class=\"row-hover\">\n<tr class=\"row-1\">\n\t<td class=\"column-1\"><a href=\"https:\/\/levarq.blogs.upv.es\/?page_id=4643\">3D4HERITAGE<\/a>  |  <a href=\"https:\/\/levarq.blogs.upv.es\/?page_id=4714\">OBJETIVOS<\/a>  |  <a href=\"https:\/\/levarq.blogs.upv.es\/?page_id=4715\">EQUIPO DE INVESTIGACI\u00d3N<\/a>  |  <a href=\"https:\/\/levarq.blogs.upv.es\/?page_id=4814\">ESCENARIOS<\/a>  | <a href=\"https:\/\/levarq.blogs.upv.es\/?page_id=4950\">PRODUCCI\u00d3N CIENT\u00cdFICA<\/a> | <a href=\"https:\/\/levarq.blogs.upv.es\/?page_id=4716\">ACTIVIDADES <\/a>| <a href=\"https:\/\/levarq.blogs.upv.es\/?page_id=4833\">BASE DE DATOS BIBLIOGR\u00c1FICA<\/a><\/td>\n<\/tr>\n<tr class=\"row-2\">\n\t<td class=\"column-1\"><\/td>\n<\/tr>\n<\/tbody>\n<\/table>\n<!-- #tablepress-23 from cache -->\n\n\n<p style=\"font-size:15px\">Gil Piqueras, T., Rodr\u00edguez Navarro, P., Cort\u00e9s Meseguer, L. (2022). <strong>Primeras aportaciones del levantamiento gr\u00e1fico digital al conocimiento del estado actual de la iglesia de Sueca (Valencia)<\/strong>. In: <em><a href=\"https:\/\/repositorio.upct.es\/handle\/10317\/11183\">XIX Congreso Internacional de Expresi\u00f3n Gr\u00e1fica Arquitect\u00f3nica<\/a><\/em>. 2-4 de junio de 2022. Cartagena: Universidad Polit\u00e9cnica de Cartagena, 2022. Pp. 355-358. ISBN: 978-84-17853-51-8.<\/p>\n\n\n\n<figure class=\"wp-block-image size-full\"><img loading=\"lazy\" decoding=\"async\" width=\"1382\" height=\"329\" src=\"http:\/\/levarq.blogs.upv.es\/wp-content\/uploads\/2024\/04\/Fotos-toma-datos.png\" alt=\"\" class=\"wp-image-5927\" srcset=\"https:\/\/levarq.blogs.upv.es\/wp-content\/uploads\/2024\/04\/Fotos-toma-datos.png 1382w, https:\/\/levarq.blogs.upv.es\/wp-content\/uploads\/2024\/04\/Fotos-toma-datos-768x183.png 768w\" sizes=\"auto, (max-width: 1382px) 100vw, 1382px\" \/><\/figure>\n\n\n\n<figure class=\"wp-block-image size-full\"><img loading=\"lazy\" decoding=\"async\" width=\"1382\" height=\"475\" src=\"https:\/\/levarq.blogs.upv.es\/wp-content\/uploads\/2023\/05\/ALZADOS-1.jpg\" alt=\"\" class=\"wp-image-5739\" srcset=\"https:\/\/levarq.blogs.upv.es\/wp-content\/uploads\/2023\/05\/ALZADOS-1.jpg 1382w, https:\/\/levarq.blogs.upv.es\/wp-content\/uploads\/2023\/05\/ALZADOS-1-768x264.jpg 768w\" sizes=\"auto, (max-width: 1382px) 100vw, 1382px\" \/><\/figure>\n\n\n\n<figure class=\"wp-block-image size-full\"><img loading=\"lazy\" decoding=\"async\" width=\"1382\" height=\"297\" src=\"https:\/\/levarq.blogs.upv.es\/wp-content\/uploads\/2023\/05\/Sin-titulo-2-1.jpg\" alt=\"\" class=\"wp-image-5742\" srcset=\"https:\/\/levarq.blogs.upv.es\/wp-content\/uploads\/2023\/05\/Sin-titulo-2-1.jpg 1382w, https:\/\/levarq.blogs.upv.es\/wp-content\/uploads\/2023\/05\/Sin-titulo-2-1-768x165.jpg 768w\" sizes=\"auto, (max-width: 1382px) 100vw, 1382px\" \/><\/figure>\n\n\n\n<figure class=\"wp-block-image size-full\"><img loading=\"lazy\" decoding=\"async\" width=\"1382\" height=\"547\" src=\"https:\/\/levarq.blogs.upv.es\/wp-content\/uploads\/2023\/05\/Levantamiento-VERGE-DE-SALES_completo_Pagina_02-1.jpg\" alt=\"\" class=\"wp-image-5740\" srcset=\"https:\/\/levarq.blogs.upv.es\/wp-content\/uploads\/2023\/05\/Levantamiento-VERGE-DE-SALES_completo_Pagina_02-1.jpg 1382w, https:\/\/levarq.blogs.upv.es\/wp-content\/uploads\/2023\/05\/Levantamiento-VERGE-DE-SALES_completo_Pagina_02-1-768x304.jpg 768w\" sizes=\"auto, (max-width: 1382px) 100vw, 1382px\" \/><\/figure>\n\n\n\n<figure class=\"wp-block-image size-full\"><img loading=\"lazy\" decoding=\"async\" width=\"1382\" height=\"750\" src=\"https:\/\/levarq.blogs.upv.es\/wp-content\/uploads\/2023\/05\/Levantamiento-VERGE-DE-SALES_completo_Pagina_01-4.jpg\" alt=\"\" class=\"wp-image-5741\" srcset=\"https:\/\/levarq.blogs.upv.es\/wp-content\/uploads\/2023\/05\/Levantamiento-VERGE-DE-SALES_completo_Pagina_01-4.jpg 1382w, https:\/\/levarq.blogs.upv.es\/wp-content\/uploads\/2023\/05\/Levantamiento-VERGE-DE-SALES_completo_Pagina_01-4-768x417.jpg 768w\" sizes=\"auto, (max-width: 1382px) 100vw, 1382px\" \/><\/figure>\n","protected":false},"excerpt":{"rendered":"<p>Gil Piqueras, T., Rodr\u00edguez Navarro, P., Cort\u00e9s Meseguer, L. (2022). Primeras aportaciones del levantamiento gr\u00e1fico digital al conocimiento del estado actual de la iglesia de Sueca (Valencia). In: XIX Congreso Internacional de Expresi\u00f3n Gr\u00e1fica Arquitect\u00f3nica. 2-4 de junio de 2022. Cartagena: Universidad Polit\u00e9cnica de Cartagena, 2022. Pp. 355-358. ISBN: 978-84-17853-51-8.<\/p>\n","protected":false},"author":56811,"featured_media":0,"parent":0,"menu_order":0,"comment_status":"closed","ping_status":"closed","template":"","meta":{"footnotes":""},"class_list":["post-5735","page","type-page","status-publish","hentry"],"_links":{"self":[{"href":"https:\/\/levarq.blogs.upv.es\/index.php?rest_route=\/wp\/v2\/pages\/5735","targetHints":{"allow":["GET"]}}],"collection":[{"href":"https:\/\/levarq.blogs.upv.es\/index.php?rest_route=\/wp\/v2\/pages"}],"about":[{"href":"https:\/\/levarq.blogs.upv.es\/index.php?rest_route=\/wp\/v2\/types\/page"}],"author":[{"embeddable":true,"href":"https:\/\/levarq.blogs.upv.es\/index.php?rest_route=\/wp\/v2\/users\/56811"}],"replies":[{"embeddable":true,"href":"https:\/\/levarq.blogs.upv.es\/index.php?rest_route=%2Fwp%2Fv2%2Fcomments&post=5735"}],"version-history":[{"count":2,"href":"https:\/\/levarq.blogs.upv.es\/index.php?rest_route=\/wp\/v2\/pages\/5735\/revisions"}],"predecessor-version":[{"id":6411,"href":"https:\/\/levarq.blogs.upv.es\/index.php?rest_route=\/wp\/v2\/pages\/5735\/revisions\/6411"}],"wp:attachment":[{"href":"https:\/\/levarq.blogs.upv.es\/index.php?rest_route=%2Fwp%2Fv2%2Fmedia&parent=5735"}],"curies":[{"name":"wp","href":"https:\/\/api.w.org\/{rel}","templated":true}]}}