{"id":5626,"date":"2023-05-29T09:13:35","date_gmt":"2023-05-29T08:13:35","guid":{"rendered":"https:\/\/levarq.blogs.upv.es\/?page_id=5626"},"modified":"2025-06-17T15:07:38","modified_gmt":"2025-06-17T14:07:38","slug":"e3-2-casas-de-pescadores","status":"publish","type":"page","link":"https:\/\/levarq.blogs.upv.es\/?page_id=5626","title":{"rendered":"E-3.2 Casas de pescadores"},"content":{"rendered":"\n<table id=\"tablepress-23\" class=\"tablepress tablepress-id-23\">\n<tbody class=\"row-hover\">\n<tr class=\"row-1\">\n\t<td class=\"column-1\"><a href=\"https:\/\/levarq.blogs.upv.es\/?page_id=4643\">3D4HERITAGE<\/a>  |  <a href=\"https:\/\/levarq.blogs.upv.es\/?page_id=4714\">OBJETIVOS<\/a>  |  <a href=\"https:\/\/levarq.blogs.upv.es\/?page_id=4715\">EQUIPO DE INVESTIGACI\u00d3N<\/a>  |  <a href=\"https:\/\/levarq.blogs.upv.es\/?page_id=4814\">ESCENARIOS<\/a>  | <a href=\"https:\/\/levarq.blogs.upv.es\/?page_id=4950\">PRODUCCI\u00d3N CIENT\u00cdFICA<\/a> | <a href=\"https:\/\/levarq.blogs.upv.es\/?page_id=4716\">ACTIVIDADES <\/a>| <a href=\"https:\/\/levarq.blogs.upv.es\/?page_id=4833\">BASE DE DATOS BIBLIOGR\u00c1FICA<\/a><\/td>\n<\/tr>\n<tr class=\"row-2\">\n\t<td class=\"column-1\"><\/td>\n<\/tr>\n<\/tbody>\n<\/table>\n<!-- #tablepress-23 from cache -->\n\n\n<p style=\"font-size:15px\">Gil-Piqueras, T., Rodr\u00edguez-Navarro, P. and Anaya Visbal, J.E. (2022) <strong>Digital graphic survey of the complex of fishermen\u2019s houses in Cape Cullera (Valencia)<\/strong>. <em>EGE Revista de Expresi\u00f3n Gr\u00e1fica en la Edificaci\u00f3n<\/em>, 16, 117-131. <a href=\"https:\/\/doi.org\/10.4995\/ege.2022.17883\">https:\/\/doi.org\/10.4995\/ege.2022.17883<\/a><\/p>\n\n\n\n<div class=\"wp-block-columns is-layout-flex wp-container-core-columns-is-layout-9d6595d7 wp-block-columns-is-layout-flex\">\n<div class=\"wp-block-column is-layout-flow wp-block-column-is-layout-flow\">\n<figure class=\"wp-block-image size-full\"><img loading=\"lazy\" decoding=\"async\" width=\"360\" height=\"463\" src=\"https:\/\/levarq.blogs.upv.es\/wp-content\/uploads\/2023\/05\/02-1.jpg\" alt=\"\" class=\"wp-image-5631\" \/><\/figure>\n<\/div>\n\n\n\n<div class=\"wp-block-column is-layout-flow wp-block-column-is-layout-flow\">\n<figure class=\"wp-block-image size-full\"><img loading=\"lazy\" decoding=\"async\" width=\"360\" height=\"463\" src=\"https:\/\/levarq.blogs.upv.es\/wp-content\/uploads\/2023\/05\/01-1.jpg\" alt=\"\" class=\"wp-image-5632\" \/><\/figure>\n<\/div>\n\n\n\n<div class=\"wp-block-column is-layout-flow wp-block-column-is-layout-flow\">\n<figure class=\"wp-block-image size-full\"><img loading=\"lazy\" decoding=\"async\" width=\"360\" height=\"463\" src=\"https:\/\/levarq.blogs.upv.es\/wp-content\/uploads\/2023\/05\/03-1.jpg\" alt=\"\" class=\"wp-image-5633\" \/><\/figure>\n<\/div>\n\n\n\n<div class=\"wp-block-column is-layout-flow wp-block-column-is-layout-flow\">\n<figure class=\"wp-block-image size-full\"><img loading=\"lazy\" decoding=\"async\" width=\"360\" height=\"463\" src=\"https:\/\/levarq.blogs.upv.es\/wp-content\/uploads\/2023\/05\/04-1.jpg\" alt=\"\" class=\"wp-image-5634\" \/><\/figure>\n<\/div>\n<\/div>\n\n\n<div class=\"wp-block-image\">\n<figure class=\"aligncenter size-full\"><img loading=\"lazy\" decoding=\"async\" width=\"1382\" height=\"271\" src=\"https:\/\/levarq.blogs.upv.es\/wp-content\/uploads\/2023\/05\/06.jpg\" alt=\"\" class=\"wp-image-5649\" srcset=\"https:\/\/levarq.blogs.upv.es\/wp-content\/uploads\/2023\/05\/06.jpg 1382w, https:\/\/levarq.blogs.upv.es\/wp-content\/uploads\/2023\/05\/06-768x151.jpg 768w\" sizes=\"auto, (max-width: 1382px) 100vw, 1382px\" \/><\/figure>\n<\/div>\n\n\n<figure class=\"wp-block-image size-full\"><img loading=\"lazy\" decoding=\"async\" width=\"1382\" height=\"775\" src=\"https:\/\/levarq.blogs.upv.es\/wp-content\/uploads\/2023\/05\/07-1.jpg\" alt=\"\" class=\"wp-image-5661\" srcset=\"https:\/\/levarq.blogs.upv.es\/wp-content\/uploads\/2023\/05\/07-1.jpg 1382w, https:\/\/levarq.blogs.upv.es\/wp-content\/uploads\/2023\/05\/07-1-850x478.jpg 850w, https:\/\/levarq.blogs.upv.es\/wp-content\/uploads\/2023\/05\/07-1-250x141.jpg 250w, https:\/\/levarq.blogs.upv.es\/wp-content\/uploads\/2023\/05\/07-1-768x431.jpg 768w\" sizes=\"auto, (max-width: 1382px) 100vw, 1382px\" \/><\/figure>\n\n\n<div class=\"wp-block-image\">\n<figure class=\"aligncenter size-full\"><img loading=\"lazy\" decoding=\"async\" width=\"1382\" height=\"1169\" src=\"https:\/\/levarq.blogs.upv.es\/wp-content\/uploads\/2023\/05\/08-1.jpg\" alt=\"\" class=\"wp-image-5659\" srcset=\"https:\/\/levarq.blogs.upv.es\/wp-content\/uploads\/2023\/05\/08-1.jpg 1382w, https:\/\/levarq.blogs.upv.es\/wp-content\/uploads\/2023\/05\/08-1-768x650.jpg 768w\" sizes=\"auto, (max-width: 1382px) 100vw, 1382px\" \/><\/figure>\n<\/div>","protected":false},"excerpt":{"rendered":"<p>Gil-Piqueras, T., Rodr\u00edguez-Navarro, P. and Anaya Visbal, J.E. (2022) Digital graphic survey of the complex of fishermen\u2019s houses in Cape Cullera (Valencia). EGE Revista de Expresi\u00f3n Gr\u00e1fica en la Edificaci\u00f3n, 16, 117-131. https:\/\/doi.org\/10.4995\/ege.2022.17883<\/p>\n","protected":false},"author":56810,"featured_media":0,"parent":0,"menu_order":0,"comment_status":"closed","ping_status":"closed","template":"","meta":{"footnotes":""},"class_list":["post-5626","page","type-page","status-publish","hentry"],"_links":{"self":[{"href":"https:\/\/levarq.blogs.upv.es\/index.php?rest_route=\/wp\/v2\/pages\/5626","targetHints":{"allow":["GET"]}}],"collection":[{"href":"https:\/\/levarq.blogs.upv.es\/index.php?rest_route=\/wp\/v2\/pages"}],"about":[{"href":"https:\/\/levarq.blogs.upv.es\/index.php?rest_route=\/wp\/v2\/types\/page"}],"author":[{"embeddable":true,"href":"https:\/\/levarq.blogs.upv.es\/index.php?rest_route=\/wp\/v2\/users\/56810"}],"replies":[{"embeddable":true,"href":"https:\/\/levarq.blogs.upv.es\/index.php?rest_route=%2Fwp%2Fv2%2Fcomments&post=5626"}],"version-history":[{"count":2,"href":"https:\/\/levarq.blogs.upv.es\/index.php?rest_route=\/wp\/v2\/pages\/5626\/revisions"}],"predecessor-version":[{"id":6427,"href":"https:\/\/levarq.blogs.upv.es\/index.php?rest_route=\/wp\/v2\/pages\/5626\/revisions\/6427"}],"wp:attachment":[{"href":"https:\/\/levarq.blogs.upv.es\/index.php?rest_route=%2Fwp%2Fv2%2Fmedia&parent=5626"}],"curies":[{"name":"wp","href":"https:\/\/api.w.org\/{rel}","templated":true}]}}