{"id":5393,"date":"2023-05-23T08:32:23","date_gmt":"2023-05-23T07:32:23","guid":{"rendered":"https:\/\/levarq.blogs.upv.es\/?page_id=5393"},"modified":"2025-06-17T15:05:23","modified_gmt":"2025-06-17T14:05:23","slug":"e1-2-fortaleza-de-santa-ana","status":"publish","type":"page","link":"https:\/\/levarq.blogs.upv.es\/?page_id=5393","title":{"rendered":"E-1.2 Fortaleza de Santa Ana"},"content":{"rendered":"\n<table id=\"tablepress-23\" class=\"tablepress tablepress-id-23\">\n<tbody class=\"row-hover\">\n<tr class=\"row-1\">\n\t<td class=\"column-1\"><a href=\"https:\/\/levarq.blogs.upv.es\/?page_id=4643\">3D4HERITAGE<\/a>  |  <a href=\"https:\/\/levarq.blogs.upv.es\/?page_id=4714\">OBJETIVOS<\/a>  |  <a href=\"https:\/\/levarq.blogs.upv.es\/?page_id=4715\">EQUIPO DE INVESTIGACI\u00d3N<\/a>  |  <a href=\"https:\/\/levarq.blogs.upv.es\/?page_id=4814\">ESCENARIOS<\/a>  | <a href=\"https:\/\/levarq.blogs.upv.es\/?page_id=4950\">PRODUCCI\u00d3N CIENT\u00cdFICA<\/a> | <a href=\"https:\/\/levarq.blogs.upv.es\/?page_id=4716\">ACTIVIDADES <\/a>| <a href=\"https:\/\/levarq.blogs.upv.es\/?page_id=4833\">BASE DE DATOS BIBLIOGR\u00c1FICA<\/a><\/td>\n<\/tr>\n<tr class=\"row-2\">\n\t<td class=\"column-1\"><\/td>\n<\/tr>\n<\/tbody>\n<\/table>\n<!-- #tablepress-23 from cache -->\n\n\n<p style=\"font-size:15px\">Rodr\u00edguez-Navarro, P., Gil-Piqueras, T. and Ruggieri, A. (2023). <strong>Levantamiento gr\u00e1fico integral para el an\u00e1lisis de la Fortaleza de Santa Ana en Oliva (Valencia). <\/strong>In: <em>Defensive architecture of the mediterranean<\/em>. vol. XIV. (<em>Defensive Architecture of the Mediterranean<\/em>, edited by Bevilacqua, M. G.). Pisa: Pisa University Press, 2023. P. 1131-1138 \u2013 DOI: 10.12871\/9788833397948142.<\/p>\n\n\n\n<p style=\"font-size:15px\">Gil Piqueras, MT.; Rodr\u00edguez Navarro, P. (2024). 3D4HERITAGE_Fortaleza Oliva [Dataset]. https:\/\/doi.org\/10.4995\/Dataset\/10251\/212187. <a href=\"http:\/\/hdl.handle.net\/10251\/212187\">http:\/\/hdl.handle.net\/10251\/212187<\/a><\/p>\n\n\n\n<div class=\"wp-block-columns is-layout-flex wp-container-core-columns-is-layout-9d6595d7 wp-block-columns-is-layout-flex\">\n<div class=\"wp-block-column is-layout-flow wp-block-column-is-layout-flow\"><div class=\"wp-block-image\">\n<figure class=\"aligncenter size-full\"><img loading=\"lazy\" decoding=\"async\" width=\"360\" height=\"203\" src=\"https:\/\/levarq.blogs.upv.es\/wp-content\/uploads\/2023\/05\/F1.1.jpg\" alt=\"\" class=\"wp-image-5404\" srcset=\"https:\/\/levarq.blogs.upv.es\/wp-content\/uploads\/2023\/05\/F1.1.jpg 360w, https:\/\/levarq.blogs.upv.es\/wp-content\/uploads\/2023\/05\/F1.1-250x141.jpg 250w\" sizes=\"auto, (max-width: 360px) 100vw, 360px\" \/><\/figure>\n<\/div><\/div>\n\n\n\n<div class=\"wp-block-column is-layout-flow wp-block-column-is-layout-flow\"><div class=\"wp-block-image\">\n<figure class=\"aligncenter size-full\"><img loading=\"lazy\" decoding=\"async\" width=\"360\" height=\"203\" src=\"https:\/\/levarq.blogs.upv.es\/wp-content\/uploads\/2023\/05\/Oliva-01.1.jpg\" alt=\"\" class=\"wp-image-5402\" srcset=\"https:\/\/levarq.blogs.upv.es\/wp-content\/uploads\/2023\/05\/Oliva-01.1.jpg 360w, https:\/\/levarq.blogs.upv.es\/wp-content\/uploads\/2023\/05\/Oliva-01.1-250x141.jpg 250w\" sizes=\"auto, (max-width: 360px) 100vw, 360px\" \/><\/figure>\n<\/div><\/div>\n\n\n\n<div class=\"wp-block-column is-layout-flow wp-block-column-is-layout-flow\"><div class=\"wp-block-image\">\n<figure class=\"aligncenter size-full\"><img loading=\"lazy\" decoding=\"async\" width=\"360\" height=\"203\" src=\"https:\/\/levarq.blogs.upv.es\/wp-content\/uploads\/2023\/05\/Oliva-02.1.jpg\" alt=\"\" class=\"wp-image-5403\" srcset=\"https:\/\/levarq.blogs.upv.es\/wp-content\/uploads\/2023\/05\/Oliva-02.1.jpg 360w, https:\/\/levarq.blogs.upv.es\/wp-content\/uploads\/2023\/05\/Oliva-02.1-250x141.jpg 250w\" sizes=\"auto, (max-width: 360px) 100vw, 360px\" \/><\/figure>\n<\/div><\/div>\n<\/div>\n\n\n\n<div class=\"wp-block-columns is-layout-flex wp-container-core-columns-is-layout-9d6595d7 wp-block-columns-is-layout-flex\">\n<div class=\"wp-block-column is-layout-flow wp-block-column-is-layout-flow\"><div class=\"wp-block-image\">\n<figure class=\"aligncenter size-full\"><img loading=\"lazy\" decoding=\"async\" width=\"360\" height=\"240\" src=\"https:\/\/levarq.blogs.upv.es\/wp-content\/uploads\/2023\/05\/DSC09030.1-1.jpg\" alt=\"\" class=\"wp-image-5437\" \/><\/figure>\n<\/div><\/div>\n\n\n\n<div class=\"wp-block-column is-layout-flow wp-block-column-is-layout-flow\"><div class=\"wp-block-image\">\n<figure class=\"aligncenter size-full\"><img loading=\"lazy\" decoding=\"async\" width=\"360\" height=\"240\" src=\"https:\/\/levarq.blogs.upv.es\/wp-content\/uploads\/2023\/05\/foto-3.1.jpg\" alt=\"\" class=\"wp-image-5435\" \/><\/figure>\n<\/div><\/div>\n\n\n\n<div class=\"wp-block-column is-layout-flow wp-block-column-is-layout-flow\"><div class=\"wp-block-image\">\n<figure class=\"aligncenter size-full\"><img loading=\"lazy\" decoding=\"async\" width=\"360\" height=\"240\" src=\"https:\/\/levarq.blogs.upv.es\/wp-content\/uploads\/2023\/05\/Oliva-escaner.1.jpg\" alt=\"\" class=\"wp-image-5438\" \/><\/figure>\n<\/div><\/div>\n<\/div>\n\n\n\n<figure class=\"wp-block-image size-full\"><img loading=\"lazy\" decoding=\"async\" width=\"1382\" height=\"1183\" src=\"https:\/\/levarq.blogs.upv.es\/wp-content\/uploads\/2023\/05\/Alzados-y-Planta-Oliva-1.jpg\" alt=\"\" class=\"wp-image-5428\" srcset=\"https:\/\/levarq.blogs.upv.es\/wp-content\/uploads\/2023\/05\/Alzados-y-Planta-Oliva-1.jpg 1382w, https:\/\/levarq.blogs.upv.es\/wp-content\/uploads\/2023\/05\/Alzados-y-Planta-Oliva-1-768x657.jpg 768w\" sizes=\"auto, (max-width: 1382px) 100vw, 1382px\" \/><\/figure>\n\n\n\n<figure class=\"wp-block-image size-full\"><img loading=\"lazy\" decoding=\"async\" width=\"1382\" height=\"1183\" src=\"https:\/\/levarq.blogs.upv.es\/wp-content\/uploads\/2023\/05\/plantilla-planos.jpg\" alt=\"\" class=\"wp-image-5417\" srcset=\"https:\/\/levarq.blogs.upv.es\/wp-content\/uploads\/2023\/05\/plantilla-planos.jpg 1382w, https:\/\/levarq.blogs.upv.es\/wp-content\/uploads\/2023\/05\/plantilla-planos-768x657.jpg 768w\" sizes=\"auto, (max-width: 1382px) 100vw, 1382px\" \/><\/figure>\n","protected":false},"excerpt":{"rendered":"<p>Rodr\u00edguez-Navarro, P., Gil-Piqueras, T. and Ruggieri, A. (2023). Levantamiento gr\u00e1fico integral para el an\u00e1lisis de la Fortaleza de Santa Ana en Oliva (Valencia). In: Defensive architecture of the mediterranean. vol. XIV. (Defensive Architecture of the Mediterranean, edited by Bevilacqua, M. G.). Pisa: Pisa University Press, 2023. P. 1131-1138 \u2013 DOI: 10.12871\/9788833397948142. Gil Piqueras, MT.; Rodr\u00edguez<\/p>\n<p class=\"more-link\"><a href=\"https:\/\/levarq.blogs.upv.es\/?page_id=5393\" class=\"themebutton2\">Read More<\/a><\/p>\n","protected":false},"author":56810,"featured_media":0,"parent":0,"menu_order":0,"comment_status":"closed","ping_status":"closed","template":"","meta":{"footnotes":""},"class_list":["post-5393","page","type-page","status-publish","hentry"],"_links":{"self":[{"href":"https:\/\/levarq.blogs.upv.es\/index.php?rest_route=\/wp\/v2\/pages\/5393","targetHints":{"allow":["GET"]}}],"collection":[{"href":"https:\/\/levarq.blogs.upv.es\/index.php?rest_route=\/wp\/v2\/pages"}],"about":[{"href":"https:\/\/levarq.blogs.upv.es\/index.php?rest_route=\/wp\/v2\/types\/page"}],"author":[{"embeddable":true,"href":"https:\/\/levarq.blogs.upv.es\/index.php?rest_route=\/wp\/v2\/users\/56810"}],"replies":[{"embeddable":true,"href":"https:\/\/levarq.blogs.upv.es\/index.php?rest_route=%2Fwp%2Fv2%2Fcomments&post=5393"}],"version-history":[{"count":2,"href":"https:\/\/levarq.blogs.upv.es\/index.php?rest_route=\/wp\/v2\/pages\/5393\/revisions"}],"predecessor-version":[{"id":6418,"href":"https:\/\/levarq.blogs.upv.es\/index.php?rest_route=\/wp\/v2\/pages\/5393\/revisions\/6418"}],"wp:attachment":[{"href":"https:\/\/levarq.blogs.upv.es\/index.php?rest_route=%2Fwp%2Fv2%2Fmedia&parent=5393"}],"curies":[{"name":"wp","href":"https:\/\/api.w.org\/{rel}","templated":true}]}}