{"id":5246,"date":"2023-05-21T21:31:37","date_gmt":"2023-05-21T20:31:37","guid":{"rendered":"https:\/\/levarq.blogs.upv.es\/?page_id=5246"},"modified":"2024-07-03T11:15:43","modified_gmt":"2024-07-03T10:15:43","slug":"jornadas-cientificas-y-seminarios","status":"publish","type":"page","link":"https:\/\/levarq.blogs.upv.es\/?page_id=5246","title":{"rendered":"JORNADAS CIENT\u00cdFICAS Y SEMINARIOS"},"content":{"rendered":"\n<table id=\"tablepress-23\" class=\"tablepress tablepress-id-23\">\n<tbody class=\"row-hover\">\n<tr class=\"row-1\">\n\t<td class=\"column-1\"><a href=\"https:\/\/levarq.blogs.upv.es\/?page_id=4643\">3D4HERITAGE<\/a>  |  <a href=\"https:\/\/levarq.blogs.upv.es\/?page_id=4714\">OBJETIVOS<\/a>  |  <a href=\"https:\/\/levarq.blogs.upv.es\/?page_id=4715\">EQUIPO DE INVESTIGACI\u00d3N<\/a>  |  <a href=\"https:\/\/levarq.blogs.upv.es\/?page_id=4814\">ESCENARIOS<\/a>  | <a href=\"https:\/\/levarq.blogs.upv.es\/?page_id=4950\">PRODUCCI\u00d3N CIENT\u00cdFICA<\/a> | <a href=\"https:\/\/levarq.blogs.upv.es\/?page_id=4716\">ACTIVIDADES <\/a>| <a href=\"https:\/\/levarq.blogs.upv.es\/?page_id=4833\">BASE DE DATOS BIBLIOGR\u00c1FICA<\/a><\/td>\n<\/tr>\n<tr class=\"row-2\">\n\t<td class=\"column-1\"><\/td>\n<\/tr>\n<\/tbody>\n<\/table>\n\n\n\n<p class=\"has-medium-font-size\"><strong>JORNADA CIENT\u00cdFICA. Febrero 2023<\/strong><\/p>\n\n\n\n<figure class=\"wp-block-image size-large\"><img loading=\"lazy\" decoding=\"async\" width=\"1382\" height=\"576\" src=\"http:\/\/levarq.blogs.upv.es\/wp-content\/uploads\/2023\/05\/Seminario-Tejeda1-1382-110_SUPERIOR-1382x576.jpg\" alt=\"\" class=\"wp-image-5344\" \/><\/figure>\n\n\n\n<figure class=\"wp-block-image size-full\"><img loading=\"lazy\" decoding=\"async\" width=\"1382\" height=\"95\" src=\"http:\/\/levarq.blogs.upv.es\/wp-content\/uploads\/2023\/05\/Seminario-Tejeda1-1382-110_INFERIOR.jpg\" alt=\"\" class=\"wp-image-5345\" srcset=\"https:\/\/levarq.blogs.upv.es\/wp-content\/uploads\/2023\/05\/Seminario-Tejeda1-1382-110_INFERIOR.jpg 1382w, https:\/\/levarq.blogs.upv.es\/wp-content\/uploads\/2023\/05\/Seminario-Tejeda1-1382-110_INFERIOR-768x53.jpg 768w\" sizes=\"auto, (max-width: 1382px) 100vw, 1382px\" \/><\/figure>\n\n\n\n<figure class=\"wp-block-image size-full\"><img loading=\"lazy\" decoding=\"async\" width=\"1382\" height=\"537\" src=\"https:\/\/levarq.blogs.upv.es\/wp-content\/uploads\/2023\/05\/Seminario-Tejeda2-1382-110-sup-1.jpg\" alt=\"\" class=\"wp-image-5367\" srcset=\"https:\/\/levarq.blogs.upv.es\/wp-content\/uploads\/2023\/05\/Seminario-Tejeda2-1382-110-sup-1.jpg 1382w, https:\/\/levarq.blogs.upv.es\/wp-content\/uploads\/2023\/05\/Seminario-Tejeda2-1382-110-sup-1-768x298.jpg 768w\" sizes=\"auto, (max-width: 1382px) 100vw, 1382px\" \/><\/figure>\n\n\n\n<figure class=\"wp-block-image size-full\"><img loading=\"lazy\" decoding=\"async\" width=\"1382\" height=\"444\" src=\"https:\/\/levarq.blogs.upv.es\/wp-content\/uploads\/2023\/05\/Seminario-Tejeda2-1382-110-inf-1.jpg\" alt=\"\" class=\"wp-image-5368\" srcset=\"https:\/\/levarq.blogs.upv.es\/wp-content\/uploads\/2023\/05\/Seminario-Tejeda2-1382-110-inf-1.jpg 1382w, https:\/\/levarq.blogs.upv.es\/wp-content\/uploads\/2023\/05\/Seminario-Tejeda2-1382-110-inf-1-768x247.jpg 768w\" sizes=\"auto, (max-width: 1382px) 100vw, 1382px\" \/><\/figure>\n\n\n\n<div class=\"wp-block-columns is-layout-flex wp-container-core-columns-is-layout-9d6595d7 wp-block-columns-is-layout-flex\">\n<div class=\"wp-block-column is-layout-flow wp-block-column-is-layout-flow\">\n<figure class=\"wp-block-image size-full\"><img loading=\"lazy\" decoding=\"async\" width=\"360\" height=\"358\" src=\"https:\/\/levarq.blogs.upv.es\/wp-content\/uploads\/2023\/05\/claustro-360-100-2.jpg\" alt=\"\" class=\"wp-image-5352\" \/><\/figure>\n<\/div>\n\n\n\n<div class=\"wp-block-column is-layout-flow wp-block-column-is-layout-flow\">\n<figure class=\"wp-block-image size-full\"><img loading=\"lazy\" decoding=\"async\" width=\"360\" height=\"360\" src=\"http:\/\/levarq.blogs.upv.es\/wp-content\/uploads\/2023\/05\/Logotipo_del_Ministerio_para-3D4HERITAGE-236-110-1.jpg\" alt=\"\" class=\"wp-image-5355\" \/><\/figure>\n<\/div>\n\n\n\n<div class=\"wp-block-column is-layout-flow wp-block-column-is-layout-flow\">\n<figure class=\"wp-block-image size-full\"><img loading=\"lazy\" decoding=\"async\" width=\"360\" height=\"360\" src=\"https:\/\/levarq.blogs.upv.es\/wp-content\/uploads\/2023\/05\/paseo-bovedas-360-110.jpg\" alt=\"\" class=\"wp-image-5356\" \/><\/figure>\n<\/div>\n<\/div>\n\n\n\n<figure class=\"wp-block-image size-large\"><img loading=\"lazy\" decoding=\"async\" width=\"1382\" height=\"576\" src=\"http:\/\/levarq.blogs.upv.es\/wp-content\/uploads\/2023\/05\/MONASTERIO-TEJEDA-GTAL-1382-110-1382x576.jpg\" alt=\"\" class=\"wp-image-5230\" \/><\/figure>\n\n\n\n<p><\/p>\n\n\n\n<p><\/p>\n\n\n\n<p class=\"has-medium-font-size\"><strong>I JORNADA DE PRESENTACI\u00d3N DE RESULTADOS DE PROYECTOS I+D+I DEL CENTRO DE INVESTIGACI\u00d3N EN ARQUITECTURA, PATRIMONIO Y GESTI\u00d3N PARA EL DESARROLLO SOSTENIBLE (PEGASO)<\/strong>. <strong>Junio 2023<\/strong><\/p>\n\n\n\n<div class=\"wp-block-group\"><div class=\"wp-block-group__inner-container is-layout-constrained wp-block-group-is-layout-constrained\"><div class=\"wp-block-image\">\n<figure class=\"aligncenter size-large\"><img loading=\"lazy\" decoding=\"async\" width=\"835\" height=\"576\" src=\"https:\/\/levarq.blogs.upv.es\/wp-content\/uploads\/2024\/01\/23_cartel-jornada-investigacion-pegaso-3-1-835x576.jpg\" alt=\"\" class=\"wp-image-5850\" \/><\/figure>\n<\/div><\/div><\/div>\n\n\n\n<div class=\"wp-block-columns is-layout-flex wp-container-core-columns-is-layout-9d6595d7 wp-block-columns-is-layout-flex\">\n<div class=\"wp-block-column is-layout-flow wp-block-column-is-layout-flow\">\n<figure class=\"wp-block-image size-full\"><img loading=\"lazy\" decoding=\"async\" width=\"360\" height=\"360\" src=\"https:\/\/levarq.blogs.upv.es\/wp-content\/uploads\/2024\/01\/01_Jornada-investigacion-pegaso.jpg\" alt=\"\" class=\"wp-image-5863\" \/><\/figure>\n<\/div>\n\n\n\n<div class=\"wp-block-column is-layout-flow wp-block-column-is-layout-flow\">\n<figure class=\"wp-block-image size-full\"><img loading=\"lazy\" decoding=\"async\" width=\"360\" height=\"360\" src=\"https:\/\/levarq.blogs.upv.es\/wp-content\/uploads\/2024\/01\/02_Jornada-investigacion-pegaso.jpg\" alt=\"\" class=\"wp-image-5864\" \/><\/figure>\n<\/div>\n\n\n\n<div class=\"wp-block-column is-layout-flow wp-block-column-is-layout-flow\">\n<figure class=\"wp-block-image size-full\"><img loading=\"lazy\" decoding=\"async\" width=\"360\" height=\"360\" src=\"https:\/\/levarq.blogs.upv.es\/wp-content\/uploads\/2024\/01\/03_Jornada-investigacion-pegaso.jpg\" alt=\"\" class=\"wp-image-5865\" \/><\/figure>\n<\/div>\n<\/div>\n\n\n\n<p class=\"has-medium-font-size\"><strong>II JORNADA DE PRESENTACI\u00d3N DE RESULTADOS DE PROYECTOS I+D+I DEL CENTRO DE INVESTIGACI\u00d3N EN ARQUITECTURA, PATRIMONIO Y GESTI\u00d3N PARA EL DESARROLLO SOSTENIBLE (PEGASO)<\/strong>. <strong>Junio 2024<\/strong><\/p>\n\n\n\n<div class=\"wp-block-group\"><div class=\"wp-block-group__inner-container is-layout-constrained wp-block-group-is-layout-constrained\"><div class=\"wp-block-image\">\n<figure class=\"aligncenter size-large\"><img loading=\"lazy\" decoding=\"async\" width=\"835\" height=\"576\" src=\"https:\/\/levarq.blogs.upv.es\/wp-content\/uploads\/2024\/07\/01_cartel-II-jornada-investigacion-pegaso-24-1-835x576.jpg\" alt=\"\" class=\"wp-image-6031\" \/><\/figure>\n<\/div><\/div><\/div>\n\n\n\n<div class=\"wp-block-columns is-layout-flex wp-container-core-columns-is-layout-9d6595d7 wp-block-columns-is-layout-flex\">\n<div class=\"wp-block-column is-layout-flow wp-block-column-is-layout-flow\">\n<figure class=\"wp-block-image size-full\"><img loading=\"lazy\" decoding=\"async\" width=\"360\" height=\"360\" src=\"https:\/\/levarq.blogs.upv.es\/wp-content\/uploads\/2024\/07\/IMG_6509.jpg\" alt=\"\" class=\"wp-image-6033\" \/><\/figure>\n<\/div>\n\n\n\n<div class=\"wp-block-column is-layout-flow wp-block-column-is-layout-flow\">\n<figure class=\"wp-block-image size-full\"><img loading=\"lazy\" decoding=\"async\" width=\"360\" height=\"360\" src=\"https:\/\/levarq.blogs.upv.es\/wp-content\/uploads\/2024\/07\/IMG_6514.jpg\" alt=\"\" class=\"wp-image-6034\" \/><\/figure>\n<\/div>\n\n\n\n<div class=\"wp-block-column is-layout-flow wp-block-column-is-layout-flow\">\n<figure class=\"wp-block-image size-full\"><img loading=\"lazy\" decoding=\"async\" width=\"360\" height=\"360\" src=\"https:\/\/levarq.blogs.upv.es\/wp-content\/uploads\/2024\/07\/IMG_6542.jpg\" alt=\"\" class=\"wp-image-6036\" \/><\/figure>\n<\/div>\n<\/div>\n\n\n\n<figure class=\"wp-block-image size-full\"><img loading=\"lazy\" decoding=\"async\" width=\"1382\" height=\"182\" src=\"http:\/\/levarq.blogs.upv.es\/wp-content\/uploads\/2023\/05\/BANDA-LOGOS-PORTADA-INFERIOR.jpg\" alt=\"\" class=\"wp-image-5311\" srcset=\"https:\/\/levarq.blogs.upv.es\/wp-content\/uploads\/2023\/05\/BANDA-LOGOS-PORTADA-INFERIOR.jpg 1382w, https:\/\/levarq.blogs.upv.es\/wp-content\/uploads\/2023\/05\/BANDA-LOGOS-PORTADA-INFERIOR-768x101.jpg 768w\" sizes=\"auto, (max-width: 1382px) 100vw, 1382px\" \/><\/figure>\n","protected":false},"excerpt":{"rendered":"<p>JORNADA CIENT\u00cdFICA. Febrero 2023 I JORNADA DE PRESENTACI\u00d3N DE RESULTADOS DE PROYECTOS I+D+I DEL CENTRO DE INVESTIGACI\u00d3N EN ARQUITECTURA, PATRIMONIO Y GESTI\u00d3N PARA EL DESARROLLO SOSTENIBLE (PEGASO). Junio 2023 II JORNADA DE PRESENTACI\u00d3N DE RESULTADOS DE PROYECTOS I+D+I DEL CENTRO DE INVESTIGACI\u00d3N EN ARQUITECTURA, PATRIMONIO Y GESTI\u00d3N PARA EL DESARROLLO SOSTENIBLE (PEGASO). Junio 2024<\/p>\n","protected":false},"author":995,"featured_media":0,"parent":0,"menu_order":0,"comment_status":"closed","ping_status":"closed","template":"","meta":{"footnotes":""},"class_list":["post-5246","page","type-page","status-publish","hentry"],"_links":{"self":[{"href":"https:\/\/levarq.blogs.upv.es\/index.php?rest_route=\/wp\/v2\/pages\/5246","targetHints":{"allow":["GET"]}}],"collection":[{"href":"https:\/\/levarq.blogs.upv.es\/index.php?rest_route=\/wp\/v2\/pages"}],"about":[{"href":"https:\/\/levarq.blogs.upv.es\/index.php?rest_route=\/wp\/v2\/types\/page"}],"author":[{"embeddable":true,"href":"https:\/\/levarq.blogs.upv.es\/index.php?rest_route=\/wp\/v2\/users\/995"}],"replies":[{"embeddable":true,"href":"https:\/\/levarq.blogs.upv.es\/index.php?rest_route=%2Fwp%2Fv2%2Fcomments&post=5246"}],"version-history":[{"count":2,"href":"https:\/\/levarq.blogs.upv.es\/index.php?rest_route=\/wp\/v2\/pages\/5246\/revisions"}],"predecessor-version":[{"id":6038,"href":"https:\/\/levarq.blogs.upv.es\/index.php?rest_route=\/wp\/v2\/pages\/5246\/revisions\/6038"}],"wp:attachment":[{"href":"https:\/\/levarq.blogs.upv.es\/index.php?rest_route=%2Fwp%2Fv2%2Fmedia&parent=5246"}],"curies":[{"name":"wp","href":"https:\/\/api.w.org\/{rel}","templated":true}]}}