{"id":5209,"date":"2023-05-21T20:43:48","date_gmt":"2023-05-21T19:43:48","guid":{"rendered":"https:\/\/levarq.blogs.upv.es\/?page_id=5209"},"modified":"2024-07-03T10:31:52","modified_gmt":"2024-07-03T09:31:52","slug":"exposiciones-3d4heritage","status":"publish","type":"page","link":"https:\/\/levarq.blogs.upv.es\/?page_id=5209","title":{"rendered":"EXPOSICIONES 3D4HERITAGE"},"content":{"rendered":"\n<table id=\"tablepress-23\" class=\"tablepress tablepress-id-23\">\n<tbody class=\"row-hover\">\n<tr class=\"row-1\">\n\t<td class=\"column-1\"><a href=\"https:\/\/levarq.blogs.upv.es\/?page_id=4643\">3D4HERITAGE<\/a>  |  <a href=\"https:\/\/levarq.blogs.upv.es\/?page_id=4714\">OBJETIVOS<\/a>  |  <a href=\"https:\/\/levarq.blogs.upv.es\/?page_id=4715\">EQUIPO DE INVESTIGACI\u00d3N<\/a>  |  <a href=\"https:\/\/levarq.blogs.upv.es\/?page_id=4814\">ESCENARIOS<\/a>  | <a href=\"https:\/\/levarq.blogs.upv.es\/?page_id=4950\">PRODUCCI\u00d3N CIENT\u00cdFICA<\/a> | <a href=\"https:\/\/levarq.blogs.upv.es\/?page_id=4716\">ACTIVIDADES <\/a>| <a href=\"https:\/\/levarq.blogs.upv.es\/?page_id=4833\">BASE DE DATOS BIBLIOGR\u00c1FICA<\/a><\/td>\n<\/tr>\n<tr class=\"row-2\">\n\t<td class=\"column-1\"><\/td>\n<\/tr>\n<\/tbody>\n<\/table>\n<!-- #tablepress-23 from cache -->\n\n\n<p class=\"has-medium-font-size\"><strong>JORNADA DE PRESENTACI\u00d3N DE RESULTADOS DE PROYECTOS I+D+I DEL CENTRO DE INVESTIGACI\u00d3N EN ARQUITECTURA, PATRIMONIO Y GESTI\u00d3N PARA EL DESARROLLO SOSTENIBLE (PEGASO)<\/strong><\/p>\n\n\n\n<div class=\"wp-block-columns is-layout-flex wp-container-core-columns-is-layout-9d6595d7 wp-block-columns-is-layout-flex\">\n<div class=\"wp-block-column is-layout-flow wp-block-column-is-layout-flow\">\n<figure class=\"wp-block-image size-full\"><img loading=\"lazy\" decoding=\"async\" width=\"314\" height=\"445\" src=\"https:\/\/levarq.blogs.upv.es\/wp-content\/uploads\/2024\/01\/I-Jornada-PEGASO_3D4Heritage.jpg\" alt=\"\" class=\"wp-image-5872\" \/><figcaption class=\"wp-element-caption\"><strong>LEVANTAMIENTO GR\u00c1FICO INTEGRAL 3D DEL PATRIMONIO. OPTIMIZACI\u00d3N DE FLUJOS DE TRABAJO Y PROPUESTA DE EST\u00c1NDARES (3D4HERITAGE) <\/strong>(2023)<br \/>Rodr\u00edguez-Navarro, P., Gil-Piqueras, T., Gim\u00e9nez Ribera, M., Sender Contell, M., Barrera Vera, J.A., Perell\u00f3 Roso, R., Soler Estrela, A., Guidi, G., Verdiani, G., Gand\u00eda \u00c1lvarez, E. In: I Jornada de Presentaci\u00f3n de Resultados de Proyectos I+D+i del Centro de Investigaci\u00f3n en Arquitectura, Patrimonio y Gesti\u00f3n para el Desarrollo Sostenible (PEGASO)<\/figcaption><\/figure>\n<\/div>\n\n\n\n<div class=\"wp-block-column is-layout-flow wp-block-column-is-layout-flow\">\n<figure class=\"wp-block-image size-full\"><img loading=\"lazy\" decoding=\"async\" width=\"314\" height=\"444\" src=\"http:\/\/levarq.blogs.upv.es\/wp-content\/uploads\/2024\/07\/II-Jornada-PEGASO_3D4Heritage_2024.jpg\" alt=\"\" class=\"wp-image-6025\" \/><figcaption class=\"wp-element-caption\"><strong>LEVANTAMIENTO GR\u00c1FICO INTEGRAL 3D DEL PATRIMONIO. OPTIMIZACI\u00d3N DE FLUJOS DE TRABAJO Y PROPUESTA DE EST\u00c1NDARES (3D4HERITAGE) <\/strong>(2024)<br \/>Rodr\u00edguez-Navarro, P., Gil-Piqueras, T., Gim\u00e9nez Ribera, M., Sender Contell, M., Barrera Vera, J.A., Perell\u00f3 Roso, R., Soler Estrela, A., Guidi, G., Verdiani, G., Gand\u00eda \u00c1lvarez, E. In: II Jornada de Presentaci\u00f3n de Resultados de Proyectos I+D+i del Centro de Investigaci\u00f3n en Arquitectura, Patrimonio y Gesti\u00f3n para el Desarrollo Sostenible (PEGASO)<\/figcaption><\/figure>\n<\/div>\n\n\n\n<div class=\"wp-block-column is-layout-flow wp-block-column-is-layout-flow\"><\/div>\n<\/div>\n\n\n\n<p class=\"has-medium-font-size\"><strong>SAL\u00d3N TECNOL\u00d3GICO DE LA CONSTRUCCI\u00d3N (EXCO) \u2013 FERIA INTERNACIONAL VALENCIA<\/strong><\/p>\n\n\n\n<div class=\"wp-block-columns is-layout-flex wp-container-core-columns-is-layout-9d6595d7 wp-block-columns-is-layout-flex\">\n<div class=\"wp-block-column is-layout-flow wp-block-column-is-layout-flow\">\n<figure class=\"wp-block-image size-full\"><img loading=\"lazy\" decoding=\"async\" width=\"315\" height=\"445\" src=\"https:\/\/levarq.blogs.upv.es\/wp-content\/uploads\/2023\/05\/SALES-ANCHO-8-2.jpg\" alt=\"\" class=\"wp-image-5331\" \/><figcaption class=\"wp-element-caption\"><strong>DIGITAL GRAPHIC<\/strong> <strong>SURVEY FOR THE RESTORATION PROJECT OF THE CHURCH OF THE VIRGEN DE SALES, SUECA, VALENCIA (SPAIN)<\/strong> (2022).<br \/>Rodr\u00edguez Navarro, P., Gil Piqueras, T., Cort\u00e9s Meseguer, L. In: International Itinerant Exhibition Research in Building Engineering, EXCO&#8217;22. XXXVI Sal\u00f3n Tecnol\u00f3gico de la Construcci\u00f3n, Feria Muestrario Internacional de Valencia \/ CEVISAMA (Valencia). 13\/09\/2022 &#8211; 31\/12\/2022. Publicado en: Catalogue. Research in Building Engineering &#8211; EXCO 22 (Valencia, 2022). ISBN: 978-84-125444-6-6. Itinerancias (10): GDANSK , Gliwce, Istambul, La-Habana , Matera, Milano, Oldemburg, Salerno, Monterrey.<\/figcaption><\/figure>\n<\/div>\n\n\n\n<div class=\"wp-block-column is-layout-flow wp-block-column-is-layout-flow\">\n<figure class=\"wp-block-image size-full\"><img loading=\"lazy\" decoding=\"async\" width=\"315\" height=\"445\" src=\"https:\/\/levarq.blogs.upv.es\/wp-content\/uploads\/2023\/05\/Bateria-antiaerea-Cullera-ANCHO-8-2.jpg\" alt=\"\" class=\"wp-image-5334\" \/><figcaption class=\"wp-element-caption\"><strong>DATA COLLECTION OF THE CULLERA ANTI-AERIAL BATTERY FOR ITS RESTORATION AND VALUE <\/strong>(2022).<br \/>Rodr\u00edguez-Navarro, P., Gil-Piqueras, T., Sender Contell, M., Perell\u00f3 Roso, R., Gim\u00e9nez Ribera, M. In: International Itinerant Exhibition Research in Building Engineering, EXCO&#8217;22. XXXVI Sal\u00f3n Tecnol\u00f3gico de la Construcci\u00f3n, Feria Muestrario Internacional de Valencia \/ CEVISAMA (Valencia). 13\/09\/2022 &#8211; 31\/12\/2022. Publicado en: Catalogue. Research in Building Engineering &#8211; EXCO 22 (Valencia, 2022). ISBN: 978-84-125444-6-6. Itinerancias (10): GDANSK , Gliwce, Istambul, La-Habana, Matera, Milano, Oldemburg, Salerno, Monterrey.<\/figcaption><\/figure>\n<\/div>\n\n\n\n<div class=\"wp-block-column is-layout-flow wp-block-column-is-layout-flow\">\n<figure class=\"wp-block-image size-full\"><img loading=\"lazy\" decoding=\"async\" width=\"315\" height=\"445\" src=\"http:\/\/levarq.blogs.upv.es\/wp-content\/uploads\/2023\/05\/Castillo-de-Oliva-ANCHO-8.jpg\" alt=\"\" class=\"wp-image-4983\" \/><figcaption class=\"wp-element-caption\"><strong>ANALYSIS OF THE FORTRESS OF SANTA ANA, SITUATED IN OLIVA (Valencia, Spain) THROUGH ITS INTEGRAL GRAPHIC SURVEY <\/strong>(2023)<strong>.<\/strong><br \/>Gil-Piqueras, T., Rodr\u00edguez-Navarro, P., Ruggieri, A., Cuahutencos Meza, C. In: International Itinerant Exhibition Research in Building Engineering, EXCO&#8217;23. XXXVII Sal\u00f3n Tecnol\u00f3gico de la Construcci\u00f3n, Feria Muestrario Internacional de Valencia \/ CEVISAMA (Valencia). 27\/02\/2023 &#8211; 03\/03\/2023. Publicado en: Catalogue. Research in Building Engineering &#8211; EXCO 23 (Valencia, 2023).<\/figcaption><\/figure>\n<\/div>\n<\/div>\n\n\n\n<div class=\"wp-block-columns is-layout-flex wp-container-core-columns-is-layout-9d6595d7 wp-block-columns-is-layout-flex\">\n<div class=\"wp-block-column is-layout-flow wp-block-column-is-layout-flow\">\n<figure class=\"wp-block-image size-full\"><img loading=\"lazy\" decoding=\"async\" width=\"315\" height=\"445\" src=\"http:\/\/levarq.blogs.upv.es\/wp-content\/uploads\/2023\/05\/Santa-Eulalia-ANCHO-8.jpg\" alt=\"\" class=\"wp-image-4984\" \/><figcaption class=\"wp-element-caption\"><strong>DIGITAL SURVEY FOR THE STUDY AND INTERVENTION OF THE CHURCH OF THE IMMACULATE, IN SANTA EULALIA DEL CAMPO, Teruel <\/strong>(2023)<br \/>Rodr\u00edguez-Navarro, P., Gil-Piqueras, T., P\u00e9rez Vila, A., Rueda Garc\u00eda, A.. In: International Itinerant Exhibition Research in Building Engineering, EXCO&#8217;23. XXXVII Sal\u00f3n Tecnol\u00f3gico de la Construcci\u00f3n, Feria Muestrario Internacional de Valencia \/ CEVISAMA (Valencia). 27\/02\/2023 &#8211; 03\/03\/2023. Publicado en: Catalogue. Research in Building Engineering &#8211; EXCO 23 (Valencia, 2023).<br \/>&nbsp;<\/figcaption><\/figure>\n\n\n\n<figure class=\"wp-block-image size-full\"><img loading=\"lazy\" decoding=\"async\" width=\"315\" height=\"446\" src=\"https:\/\/levarq.blogs.upv.es\/wp-content\/uploads\/2024\/06\/24_EXCO_Rodriguez-Perello-Gil-Sender-Rueda-2.png\" alt=\"\" class=\"wp-image-5975\" \/><figcaption class=\"wp-element-caption\"><strong><\/strong><strong>DIGITAL GRAPHIC SURVEY OF ARCHITECTURES IN URBAN ENVIRONMENTS: THE CASTELLOT PALACE HOUSE BY MIRAMBEL<\/strong> (2024)<br \/>Rodr\u00edguez-Navarro, P., Perell\u00f3 Rosso, R., Gil-Piqueras, T., Sender Contel, M., Rueda Garc\u00eda, A.. In: International Itinerant Exhibition Research in Building Engineering, EXCO&#8217;24. XXXVIII Sal\u00f3n Tecnol\u00f3gico de la Construcci\u00f3n, Feria Muestrario Internacional de Valencia \/ CEVISAMA (Valencia). 26\/02\/2024 &#8211; 01\/03\/2024. Publicado en: Catalogue. Research in Building Engineering &#8211; EXCO 24 (Valencia, 2024).<br \/>&nbsp;<\/figcaption><\/figure>\n<\/div>\n\n\n\n<div class=\"wp-block-column is-layout-flow wp-block-column-is-layout-flow\">\n<figure class=\"wp-block-image size-full\"><img loading=\"lazy\" decoding=\"async\" width=\"315\" height=\"446\" src=\"https:\/\/levarq.blogs.upv.es\/wp-content\/uploads\/2024\/06\/24_EXCO_Rodriguez-Gil-Soler-Ruggieri.png\" alt=\"\" class=\"wp-image-5970\" \/><figcaption class=\"wp-element-caption\"><strong>COMPREHENSIVE GRAPHIC SURVEY OF LARGE SURFACES: CASTLES LOCATED IN COMPLEX LOCATIONS <\/strong>(2024)<br \/>Rodr\u00edguez-Navarro, P., Gil-Piqueras, T., Soler Estrela, A., Ruggieri, A.. In: International Itinerant Exhibition Research in Building Engineering, EXCO&#8217;24. XXXVIII Sal\u00f3n Tecnol\u00f3gico de la Construcci\u00f3n, Feria Muestrario Internacional de Valencia \/ CEVISAMA (Valencia). 26\/02\/2024 &#8211; 01\/03\/2024. Publicado en: Catalogue. Research in Building Engineering &#8211; EXCO 24 (Valencia, 2024).<br \/>&nbsp;<\/figcaption><\/figure>\n<\/div>\n\n\n\n<div class=\"wp-block-column is-layout-flow wp-block-column-is-layout-flow\">\n<figure class=\"wp-block-image size-full\"><img loading=\"lazy\" decoding=\"async\" width=\"315\" height=\"446\" src=\"https:\/\/levarq.blogs.upv.es\/wp-content\/uploads\/2024\/06\/24_EXCO_TEJEDA_Rodriguez-Gil-Ruggieri-Verdiani-Gandia-2.png\" alt=\"\" class=\"wp-image-5972\" \/><figcaption class=\"wp-element-caption\"><strong>INTEGRATED GRAPHIC SURVEY FOR THE CRITICAL RESTORATION OF THE CLOISTERS OF THE MONASTERY OF TEJEDA (CUENCA)<\/strong> (2024)<br \/>Rodr\u00edguez-Navarro, P., Gil-Piqueras, T., Ruggieri, A., Verdiani, G., Gand\u00eda \u00c1lvarez, E.. In: International Itinerant Exhibition Research in Building Engineering, EXCO&#8217;24. XXXVIII Sal\u00f3n Tecnol\u00f3gico de la Construcci\u00f3n, Feria Muestrario Internacional de Valencia \/ CEVISAMA (Valencia). 26\/02\/2024 &#8211; 01\/03\/2024. Publicado en: Catalogue. Research in Building Engineering &#8211; EXCO 24 (Valencia, 2024).<br \/>&nbsp;<\/figcaption><\/figure>\n<\/div>\n<\/div>\n","protected":false},"excerpt":{"rendered":"<p>JORNADA DE PRESENTACI\u00d3N DE RESULTADOS DE PROYECTOS I+D+I DEL CENTRO DE INVESTIGACI\u00d3N EN ARQUITECTURA, PATRIMONIO Y GESTI\u00d3N PARA EL DESARROLLO SOSTENIBLE (PEGASO) SAL\u00d3N TECNOL\u00d3GICO DE LA CONSTRUCCI\u00d3N (EXCO) \u2013 FERIA INTERNACIONAL VALENCIA<\/p>\n","protected":false},"author":995,"featured_media":0,"parent":0,"menu_order":0,"comment_status":"closed","ping_status":"closed","template":"","meta":{"footnotes":""},"class_list":["post-5209","page","type-page","status-publish","hentry"],"_links":{"self":[{"href":"https:\/\/levarq.blogs.upv.es\/index.php?rest_route=\/wp\/v2\/pages\/5209","targetHints":{"allow":["GET"]}}],"collection":[{"href":"https:\/\/levarq.blogs.upv.es\/index.php?rest_route=\/wp\/v2\/pages"}],"about":[{"href":"https:\/\/levarq.blogs.upv.es\/index.php?rest_route=\/wp\/v2\/types\/page"}],"author":[{"embeddable":true,"href":"https:\/\/levarq.blogs.upv.es\/index.php?rest_route=\/wp\/v2\/users\/995"}],"replies":[{"embeddable":true,"href":"https:\/\/levarq.blogs.upv.es\/index.php?rest_route=%2Fwp%2Fv2%2Fcomments&post=5209"}],"version-history":[{"count":2,"href":"https:\/\/levarq.blogs.upv.es\/index.php?rest_route=\/wp\/v2\/pages\/5209\/revisions"}],"predecessor-version":[{"id":6026,"href":"https:\/\/levarq.blogs.upv.es\/index.php?rest_route=\/wp\/v2\/pages\/5209\/revisions\/6026"}],"wp:attachment":[{"href":"https:\/\/levarq.blogs.upv.es\/index.php?rest_route=%2Fwp%2Fv2%2Fmedia&parent=5209"}],"curies":[{"name":"wp","href":"https:\/\/api.w.org\/{rel}","templated":true}]}}