{"id":4950,"date":"2023-05-18T12:57:23","date_gmt":"2023-05-18T11:57:23","guid":{"rendered":"https:\/\/levarq.blogs.upv.es\/?page_id=4950"},"modified":"2025-02-17T12:35:09","modified_gmt":"2025-02-17T11:35:09","slug":"publicaciones-3d4heritage","status":"publish","type":"page","link":"https:\/\/levarq.blogs.upv.es\/?page_id=4950","title":{"rendered":"PUBLICACIONES 3D4HERITAGE"},"content":{"rendered":"\n<table id=\"tablepress-23\" class=\"tablepress tablepress-id-23\">\n<tbody class=\"row-hover\">\n<tr class=\"row-1\">\n\t<td class=\"column-1\"><a href=\"https:\/\/levarq.blogs.upv.es\/?page_id=4643\">3D4HERITAGE<\/a>  |  <a href=\"https:\/\/levarq.blogs.upv.es\/?page_id=4714\">OBJETIVOS<\/a>  |  <a href=\"https:\/\/levarq.blogs.upv.es\/?page_id=4715\">EQUIPO DE INVESTIGACI\u00d3N<\/a>  |  <a href=\"https:\/\/levarq.blogs.upv.es\/?page_id=4814\">ESCENARIOS<\/a>  | <a href=\"https:\/\/levarq.blogs.upv.es\/?page_id=4950\">PRODUCCI\u00d3N CIENT\u00cdFICA<\/a> | <a href=\"https:\/\/levarq.blogs.upv.es\/?page_id=4716\">ACTIVIDADES <\/a>| <a href=\"https:\/\/levarq.blogs.upv.es\/?page_id=4833\">BASE DE DATOS BIBLIOGR\u00c1FICA<\/a><\/td>\n<\/tr>\n<tr class=\"row-2\">\n\t<td class=\"column-1\"><\/td>\n<\/tr>\n<\/tbody>\n<\/table>\n<!-- #tablepress-23 from cache -->\n\n\n<h2 class=\"wp-block-heading has-black-color has-text-color has-medium-font-size\" style=\"font-style:normal;font-weight:700\">REVISTAS<\/h2>\n\n\n\n<p class=\"has-black-color has-text-color\" style=\"font-size:15px;font-style:normal;font-weight:400\"><\/p>\n\n\n\n<p class=\"has-black-color has-text-color\" style=\"font-size:15px;font-style:normal;font-weight:400\">Rodriguez-Navarro, P., Ruggieri, A., Gil-Piqueras, T. (2025).&nbsp;<strong>Graphic surveying methodologies for urban underground environments: the B\u00e9tera cave dwellings, Valencia<\/strong>. Virtual Archaeology Review, 16 (33).  In press. <a href=\"https:\/\/doi.org\/10.4995\/var.2024.22849\">https:\/\/doi.org\/10.4995\/var.2024.22849<\/a><\/p>\n\n\n\n<p class=\"has-black-color has-text-color\" style=\"font-size:15px;font-style:normal;font-weight:400\">Celis-Estrada, D.J., Rodriguez-Navarro, P., Gil-Piqueras, T. (2025).\u00a0<strong>Design and Construction of the Real Felipe Fortress of Callao: Analysis of the Military Treatise and Layout Using Photogrammetry and GIS.<\/strong>\u00a0Heritage 2025, 8, 23.\u00a0<a href=\"https:\/\/doi.org\/10.3390\/heritage8010023\">https:\/\/doi.org\/10.3390\/heritage8010023<\/a><\/p>\n\n\n\n<p class=\"has-black-color has-text-color\" style=\"font-size:15px;font-style:normal;font-weight:400\">Aguilar-Camacho, J., Granado-Castro, G. and Barrera-Vera, J.A. (2023) <strong>Optimizing workflows and proposal of a standard in surveying of decorative heritage elements (The Royal Alc\u00e1zar of Seville, Spain)<em>.<\/em><\/strong><em> Disegnarecon<\/em>, <em>16<\/em>(30), 1\u20131. <a href=\"https:\/\/doi.org\/10.20365\/disegnarecon.30.2023.1\">https:\/\/doi.org\/10.20365\/disegnarecon.30.2023.1<\/a><\/p>\n\n\n\n<p class=\"has-black-color has-text-color\" style=\"font-size:15px;font-style:normal;font-weight:400\">Gand\u00eda \u00c1lvarez, E. (2023) <strong>Torre de Guaita de Vall (T.M. Tavernes de la Valldigna)<\/strong>. <em>Asociaci\u00f3n Espa\u00f1ola de Amigos de los Castillos. <\/em><a href=\"https:\/\/www.xn--castillosdeespaa-lub.es\/es\/system\/wp-content\/uploads\/files\/boletin_castellologico_valencia_no_3_julio_2023.pdf\" data-type=\"link\" data-id=\"https:\/\/www.xn--castillosdeespaa-lub.es\/es\/system\/wp-content\/uploads\/files\/boletin_castellologico_valencia_no_3_julio_2023.pdf\"><em>Bolet\u00edn de Castellolog\u00eda Valenciana,<\/em> 3<\/a>, 33-40.<\/p>\n\n\n\n<p style=\"font-size:15px\">Gil-Piqueras, T., Rodr\u00edguez-Navarro, P. (2023)&nbsp;<strong>Reflections on workflow and standards for the graphic survey of architectural and archaeological heritage<\/strong>. Disegnarecon, 30 (16). <a href=\"https:\/\/doi.org\/10.20365\/disegnarecon.30.2023.ed\">https:\/\/doi.org\/10.20365\/disegnarecon.30.2023.ed<\/a><\/p>\n\n\n\n<p class=\"has-black-color has-text-color\" style=\"font-size:15px;font-style:normal;font-weight:400\">Rodriguez-Navarro, P. (2023)&nbsp;<strong>Torres de vig\u00eda y defensa del litoral valenciano.<\/strong>&nbsp;<em>Asociaci\u00f3n Espa\u00f1ola de Amigos de los Castillos.Bolet\u00edn de Castellolog\u00eda Valenciana,<\/em>&nbsp;3, 5-14.<\/p>\n\n\n\n<p style=\"font-size:15px\">Rodriguez-Navarro, P. (2023) <strong>Torres de vig\u00eda y defensa del litoral valenciano.<\/strong> <em>Asociaci\u00f3n Espa\u00f1ola de Amigos de los Castillos. <a href=\"https:\/\/www.xn--castillosdeespaa-lub.es\/es\/system\/wp-content\/uploads\/files\/boletin_castellologico_valencia_no_3_julio_2023.pdf\" data-type=\"link\" data-id=\"https:\/\/www.xn--castillosdeespaa-lub.es\/es\/system\/wp-content\/uploads\/files\/boletin_castellologico_valencia_no_3_julio_2023.pdf\">Bolet\u00edn de Castellolog\u00eda Valenciana<\/a>,<\/em> 3, 5-14.<\/p>\n\n\n\n<p class=\"has-black-color has-text-color\" style=\"font-size:15px;font-style:normal;font-weight:400\">Sender Contell, M., Perell\u00f3 Roso, R., Gim\u00e9nez Ribera, M. and Albelda Pla, A. (2023) <strong>The graphic survey of the architectural heritage supported by the 3D laser scanner. Case study: the Castellot house.<em> <\/em><\/strong><em>Disegnarecon<\/em>, <em>16<\/em>(30), 1\u20139. <a href=\"https:\/\/doi.org\/10.20365\/disegnarecon.30.2023.9\">https:\/\/doi.org\/10.20365\/disegnarecon.30.2023.9<\/a><\/p>\n\n\n\n<p style=\"font-size:15px\">Gil Piqueras, T., Rodr\u00edguez Navarro, P., Cabrera Revuelta, E., &amp; Gand\u00eda \u00c1lvarez, E. (2022).<strong> Preliminary Studies of the Coastal Defenses of Cullera\u2019s Cape Built during the Spanish Civil War: From Historical Study to Formal Analysis.<\/strong> <em>Heritage, 5<\/em>, 3032-3048<em>. <\/em><a href=\"https:\/\/doi.org\/10.3390\/heritage5040157\">https:\/\/doi.org\/10.3390\/heritage5040157<\/a><\/p>\n\n\n\n<p style=\"font-size:15px\">Gil-Piqueras, T., Rodr\u00edguez-Navarro, P. and Anaya Visbal, J.E. (2022) <strong>Digital graphic survey of the complex of fishermen\u2019s houses in Cape Cullera (Valencia)<\/strong>. <em>EGE Revista de Expresi\u00f3n Gr\u00e1fica en la Edificaci\u00f3n<\/em>, 16, 117-131. <a href=\"https:\/\/doi.org\/10.4995\/ege.2022.17883\">https:\/\/doi.org\/10.4995\/ege.2022.17883<\/a><\/p>\n\n\n\n<p style=\"font-size:15px\">Rodriguez-Navarro, P., Cabezos Bernal, P., Gil-Piqueras, T. and Gim\u00e9nez Ribera, M. (2022). <strong>Using drones under 250 g for documenting the architectural heritage.<\/strong> <em>Disegnarecon<\/em>, <em>15<\/em>(29). <a href=\"https:\/\/disegnarecon.univaq.it\/ojs\/index.php\/disegnarecon\/article\/view\/1054\">&nbsp;https:\/\/doi.org\/10.20365\/disegnarecon.29.2022.1<\/a><\/p>\n\n\n\n<p class=\"has-medium-font-size\"><strong>DATASETS<\/strong><\/p>\n\n\n\n<p style=\"font-size:15px\">Gil Piqueras, MT.; Rodr\u00edguez Navarro, P. (2024). 3D4HERITAGE_Anti-aircraft defense Cullera [Dataset]. Universitat Polit\u00e8cnica de Val\u00e8ncia. https:\/\/doi.org\/10.4995\/Dataset\/10251\/212188. <a href=\"http:\/\/hdl.handle.net\/10251\/212188\">http:\/\/hdl.handle.net\/10251\/212188<\/a><\/p>\n\n\n\n<p style=\"font-size:15px\">Gil Piqueras, MT.; Rodr\u00edguez Navarro, P. (2024). 3D4HERITAGE_Fortaleza Oliva [Dataset]. https:\/\/doi.org\/10.4995\/Dataset\/10251\/212187. <a href=\"http:\/\/hdl.handle.net\/10251\/212187\">http:\/\/hdl.handle.net\/10251\/212187<\/a><\/p>\n\n\n\n<p style=\"font-size:15px\">Rodr\u00edguez Navarro, P.; Gil Piqueras, MT. (2024). Bayren [Dataset]. Universitat Polit\u00e8cnica de Val\u00e8ncia. https:\/\/doi.org\/10.4995\/Dataset\/10251\/212174. <a href=\"http:\/\/hdl.handle.net\/10251\/212174\">http:\/\/hdl.handle.net\/10251\/212174<\/a><\/p>\n\n\n\n<p style=\"font-size:15px\">Gil Piqueras, MT.; Rodr\u00edguez Navarro, P. (2024). 3D4HERITAGE_Fishermen\u2019s Houses Cullera [Dataset]. Universitat Polit\u00e8cnica de Val\u00e8ncia. https:\/\/doi.org\/10.4995\/Dataset\/10251\/212189. <a href=\"http:\/\/hdl.handle.net\/10251\/212189\">http:\/\/hdl.handle.net\/10251\/212189<\/a><\/p>\n\n\n\n<p class=\"has-black-color has-text-color has-medium-font-size\" style=\"font-style:normal;font-weight:700\"><strong>CONGRESOS<\/strong><\/p>\n\n\n\n<p class=\"has-black-color has-text-color\" style=\"font-size:15px\">Rodr\u00edguez-Navarro, P., Gil-Piqueras, T. (2024) <strong>Est\u00e1ndares y m\u00e9todos para optimizar la digitalizaci\u00f3n 3D de las fortificaciones.<\/strong> In: <a href=\"https:\/\/fortmed.blogs.upv.es\/es\/abstracts-papers\/\"><em>Defensive architecture of the mediterranean<\/em>.<\/a> vol. XVII. (<em>Defensive Architecture of the Mediterranean<\/em>, edited by Islami, Veizaj.).Universiteti Politeknik i Tiran\u00ebs. P. 139-144. <a href=\"https:\/\/doi.org\/10.4995\/Fortmed2024.2024.18097\">https:\/\/doi.org\/10.4995\/Fortmed2024.2024.18097<\/a><\/p>\n\n\n\n<p class=\"has-black-color has-text-color\" style=\"font-size:15px\">Cabezos Bernal, P.M., Rodriguez Navarro, P., Gil Piqueras, T., Martin Fuentes, D., Rossi, A. (2023) <strong>Creating Virtual Art Galleries to improve dissemination and accessibility. <\/strong><em>1-2 December 2023 in Il Disegno per l\u2019Accessibilit\u00e0 e l\u2019Inclusione<\/em>. edited by Sdegno, A., Riavis, V. 228-242. ISBN 9788899586355<\/p>\n\n\n\n<p class=\"has-black-color has-text-color\" style=\"font-size:15px\">Gand\u00eda \u00c1lvarez, E. (2023)&nbsp;&nbsp;<strong>\u201cFora les muralles!\u201d La excavaci\u00f3n de la muralla renacentista de Cullera durante las obras de peatonalizacion del paseo del Dr. Alemany<\/strong>. In: <a href=\"https:\/\/fortmed.blogs.upv.es\/es\/abstracts-papers\/\" data-type=\"link\" data-id=\"https:\/\/fortmed.blogs.upv.es\/es\/abstracts-papers\/\"><em>Defensive architecture of the mediterranean<\/em>.<\/a> vol. XIII. (<em>Defensive Architecture of the Mediterranean<\/em>, edited by Bevilacqua, M. G.). Pisa: Pisa University Press, 2023. P. 139-144.<\/p>\n\n\n\n<p class=\"has-black-color has-text-color\" style=\"font-size:15px\">P\u00e9rez Pedraza, J. C.; P\u00e9rez Fargallo, A.; Barrera Vera, J. A. (2023) <strong>Las Casas de Carabineros en la Costa Oriental Gaditana.<\/strong> In: <em>Defensive architecture of the mediterranean<\/em>. vol. XIV. (<em><a href=\"https:\/\/fortmed.blogs.upv.es\/es\/abstracts-papers\/\" data-type=\"link\" data-id=\"https:\/\/fortmed.blogs.upv.es\/es\/abstracts-papers\/\">Defensive Architecture of the Mediterranean<\/a><\/em>, edited by Bevilacqua, M. G.). Pisa: Pisa University Press, 2023. P. 749-756 &#8211; DOI: 10.12871\/978883339794896.<\/p>\n\n\n\n<p class=\"has-black-color has-text-color\" style=\"font-size:15px\">Rodr\u00edguez-Navarro, P., Gil-Piqueras, T. and Ruggieri, A. (2023). <strong>Levantamiento gr\u00e1fico integral para el an\u00e1lisis de la Fortaleza de Santa Ana en Oliva (Valencia). <\/strong>In: <em><a href=\"https:\/\/fortmed.blogs.upv.es\/es\/abstracts-papers\/\" data-type=\"link\" data-id=\"https:\/\/fortmed.blogs.upv.es\/es\/abstracts-papers\/\">Defensive architecture of the mediterranean<\/a><\/em>. vol. XIV. (<em>Defensive Architecture of the Mediterranean<\/em>, edited by Bevilacqua, M. G.). Pisa: Pisa University Press, 2023. P. 1131-1138 &#8211; DOI: 10.12871\/9788833397948142.<\/p>\n\n\n\n<p class=\"has-black-color has-text-color\" style=\"font-size:15px\">Rodr\u00edguez Navarro, P., Gil Piqueras, T. and Soler Estrela, A. (2023) <strong>Metodolog\u00edas para el levantamiento gr\u00e1fico integral de castillos situados en localizaciones complejas.<\/strong> In: <em>XVI Congreso Internacional de Expresi\u00f3n Gr\u00e1fica aplicada a la Edificaci\u00f3n, APEGA 2023. 28-29-30 September 2023 in Cuenca, Espa\u00f1a.<\/em> Versi\u00f3n autor.<\/p>\n\n\n\n<p class=\"has-black-color has-text-color\" style=\"font-size:15px\">Rodr\u00edguez-Navarro, P., Gil-Piqueras, T., Ruggieri A., Rueda Garc\u00eda, A., Cuahutencos Meza, C. (2023). &nbsp;<strong>Tejeda Monastery, Garaballa (Cuenca, Spain): &nbsp;Testing Methodologies For Graphic Survey<\/strong>. In: <em><a href=\"https:\/\/www.f-atlas.eu\/\" data-type=\"link\" data-id=\"https:\/\/www.f-atlas.eu\/\">F-ATLAS CONFERENCE.<\/a> Franciscan Observance Landscapes<\/em>: 11<sup>th<\/sup>-12<sup>th<\/sup>-13<sup>th<\/sup> May 2023. Asisi. Finrenze: Unifi, 2023. ISBN: 9788833382227.<\/p>\n\n\n\n<p class=\"has-black-color has-text-color\" style=\"font-size:15px\">Sender Contell, M.; Perell\u00f3 Roso, R.; Gim\u00e9nez Ribera, M. (2023) <strong>Elementos fortificados en los monasterios jer\u00f3nimos de la Corona de<\/strong> <strong>Arag\u00f3n<\/strong>. In: <em>Defensive architecture of the mediterranean<\/em>. vol. XIV. (<em><a href=\"https:\/\/fortmed.blogs.upv.es\/es\/abstracts-papers\/\" data-type=\"link\" data-id=\"https:\/\/fortmed.blogs.upv.es\/es\/abstracts-papers\/\">Defensive Architecture of the Mediterranean<\/a><\/em>, edited by Bevilacqua, M. G.). Pisa: Pisa University Press, 2023. P. 849-856 &#8211; DOI: 10.12871\/9788833397948108.<em> Premio al mejor Paper <\/em><\/p>\n\n\n\n<p style=\"font-size:15px\">Gil Piqueras, T., Rodr\u00edguez Navarro, P., Cort\u00e9s Meseguer, L. (2022). <strong>Primeras aportaciones del levantamiento gr\u00e1fico digital al conocimiento del estado actual de la iglesia de Sueca (Valencia)<\/strong>. In: <em><a href=\"https:\/\/repositorio.upct.es\/handle\/10317\/11183\" data-type=\"link\" data-id=\"https:\/\/repositorio.upct.es\/handle\/10317\/11183\">XIX Congreso Internacional de Expresi\u00f3n Gr\u00e1fica Arquitect\u00f3nica<\/a><\/em>. 2-4 de junio de 2022. Cartagena: Universidad Polit\u00e9cnica de Cartagena, 2022. Pp. 355-358. ISBN: 978-84-17853-51-8.<\/p>\n\n\n\n<p class=\"has-black-color has-text-color\" style=\"font-size:15px\">Rodr\u00edguez-Navarro, P., Gil-Piqueras,&nbsp;T., Sender Contell, M., Gim\u00e9nez Ribera, M. (2022). <strong>Establecimiento de est\u00e1ndares para el levantamiento gr\u00e1fico del patrimonio. Estado del arte<\/strong>.&nbsp; In: <em><a href=\"https:\/\/repositorio.upct.es\/handle\/10317\/11183\" data-type=\"link\" data-id=\"https:\/\/repositorio.upct.es\/handle\/10317\/11183\">XIX Congreso Internacional de Expresi\u00f3n Gr\u00e1fica Arquitect\u00f3nica<\/a><\/em>: 2-4 de junio de 2022. Cartagena. Universidad Polit\u00e9cnica de Cartagena, 2022. Pp. 387-390. ISBN: 978-84-17853-51-8.<\/p>\n\n\n\n<p style=\"font-size:15px\">Rodr\u00edguez-Navarro, Pablo;&nbsp; Gil-Piqueras,&nbsp;Teresa. (2020).&nbsp;<strong>El Castillo de Bair\u00e9n (Gand\u00eda, Espa\u00f1a). Proyecto de documentaci\u00f3n gr\u00e1fica<\/strong>. In Defensive Architecture of the Mediterranean, edited by Navarro Palaz\u00f3n, J. and Luis Jos\u00e9 Garc\u00eda-Pulido Vol. X, (439-446). Granada: Universidad de Granada, Universitat Polit\u00e8cnica de Val\u00e8ncia, Patronato de la Alhambra y Generalife.&nbsp;&nbsp;<a href=\"https:\/\/doi.org\/10.4995\/FORTMED2020.2020.11420\">doi.org\/10.4995\/FORTMED2020.2020.11420<\/a><\/p>\n\n\n\n<p class=\"has-black-color has-text-color\" style=\"font-size:15px\"><\/p>\n\n\n\n<h2 class=\"wp-block-heading has-black-color has-text-color has-medium-font-size\" style=\"font-style:normal;font-weight:700\"><strong>LIBROS Y CAP\u00cdTULOS<\/strong><\/h2>\n\n\n\n<p class=\"has-black-color has-text-color\" style=\"font-size:15px;font-style:normal;font-weight:400\"><\/p>\n\n\n\n<p class=\"has-black-color has-text-color\" style=\"font-size:15px;font-style:normal;font-weight:400\">Sender Contell, M., Gim\u00e9nez Ribera, M., Gil Piqueras, T., Rodriguez Navarro, P. (2024).&nbsp;<strong>\u00abCivil Architecture of Maestrazgo, the Castellote House: Graphic Processes for Its Knowledge\u00bb.<\/strong>&nbsp;In: Hermida Gonz\u00e1lez, L.,&nbsp;Pedro Xavier, J.,&nbsp;Sousa, J.P., &nbsp;L\u00f3pez-Chao, V. (eds) Graphic Horizons. Springer.<\/p>\n\n\n\n<p style=\"font-size:15px\">Ricci, Y., Pasquali, A. and Rodriguez-Navarro, P. (2023).&nbsp;<strong>\u00ab<em>Machine Learning in Architectural Surveying: Possibility or Next Step of Development? From Photogrammetry to Augmented Reality of a Sculptural Group<\/em>\u00bb.<\/strong>&nbsp;In: Giordano, A., Russo, M., Spallone, R. (eds) Advanced Experiences in AR and AI for Cultural Heritage and Innovative Design. Springer. doi:&nbsp;<a href=\"https:\/\/link.springer.com\/book\/10.1007\/978-3-031-36155-5\">10.1007\/978-3-031-36155-5_29<\/a><\/p>\n\n\n\n<p style=\"font-size:15px\">Cabezos Bernal, P. M. Rodr\u00edguez Navarro, P., Gil Piqueras, T., Cisneros Viv\u00f3, J. J., Gil-Gil, C. (2022).<strong><em>&nbsp;\u00abCaptura fotogr\u00e1fica gigap\u00edxel de obras de arte\u00bb<\/em><\/strong>. Editorial Universitat Polit\u00e8cnica de Val\u00e8ncia. <a href=\"https:\/\/riunet.upv.es\/handle\/10251\/181424\" data-type=\"link\" data-id=\"https:\/\/riunet.upv.es\/handle\/10251\/181424\">ISBN: 978-84-1396-021-0<\/a><\/p>\n\n\n\n<h2 class=\"wp-block-heading has-medium-font-size\" style=\"font-style:normal;font-weight:700\"><strong>OTRAS APORTACIONES<\/strong><\/h2>\n\n\n\n<p class=\"has-black-color has-text-color\" style=\"font-size:15px;font-style:normal;font-weight:400\">Mart\u00edn-Fuentes, D. and Cabezos-Bernal, P.M. (2023) <strong>Universal Point Cloud viewer based on Unreal Engine<\/strong>. <em>Disegnarecon, 30 (16)<\/em>. doi: <a href=\"https:\/\/disegnarecon.univaq.it\/ojs\/index.php\/disegnarecon\/article\/view\/1140\" data-type=\"link\" data-id=\"https:\/\/disegnarecon.univaq.it\/ojs\/index.php\/disegnarecon\/article\/view\/1140\">10.20365\/disegnarecon.30.2023.13<\/a><\/p>\n\n\n\n<p class=\"has-medium-font-size\"><strong><a href=\"http:\/\/levarq.blogs.upv.es\/wp-content\/uploads\/2024\/11\/GUIA-DE-ESPECIFICACIONES-TECNICAS-LEVANTAMIENTO-3D4HERITAGE_V2.0.pdf\">GU\u00cdA DE ESPECIFICACIONES T\u00c9CNICAS Y EST\u00c1NDARES PARA EL LEVANTAMIENTO GR\u00c1FICO DEL PATRIMONIO ARQUITECT\u00d3NICO. documento de trabajo, versi\u00f3n 2.0, noviembre 2024 <\/a><\/strong><\/p>\n\n\n\n<figure class=\"wp-block-image size-full\"><img loading=\"lazy\" decoding=\"async\" width=\"1382\" height=\"182\" src=\"http:\/\/levarq.blogs.upv.es\/wp-content\/uploads\/2023\/05\/BANDA-LOGOS-PORTADA-INFERIOR.jpg\" alt=\"\" class=\"wp-image-5311\" srcset=\"https:\/\/levarq.blogs.upv.es\/wp-content\/uploads\/2023\/05\/BANDA-LOGOS-PORTADA-INFERIOR.jpg 1382w, https:\/\/levarq.blogs.upv.es\/wp-content\/uploads\/2023\/05\/BANDA-LOGOS-PORTADA-INFERIOR-768x101.jpg 768w\" sizes=\"auto, (max-width: 1382px) 100vw, 1382px\" \/><\/figure>\n","protected":false},"excerpt":{"rendered":"<p>REVISTAS Rodriguez-Navarro, P., Ruggieri, A., Gil-Piqueras, T. (2025).&nbsp;Graphic surveying methodologies for urban underground environments: the B\u00e9tera cave dwellings, Valencia. Virtual Archaeology Review, 16 (33). In press. https:\/\/doi.org\/10.4995\/var.2024.22849 Celis-Estrada, D.J., Rodriguez-Navarro, P., Gil-Piqueras, T. (2025).\u00a0Design and Construction of the Real Felipe Fortress of Callao: Analysis of the Military Treatise and Layout Using Photogrammetry and GIS.\u00a0Heritage 2025,<\/p>\n<p class=\"more-link\"><a href=\"https:\/\/levarq.blogs.upv.es\/?page_id=4950\" class=\"themebutton2\">Read More<\/a><\/p>\n","protected":false},"author":56810,"featured_media":0,"parent":0,"menu_order":0,"comment_status":"closed","ping_status":"closed","template":"","meta":{"footnotes":""},"class_list":["post-4950","page","type-page","status-publish","hentry"],"_links":{"self":[{"href":"https:\/\/levarq.blogs.upv.es\/index.php?rest_route=\/wp\/v2\/pages\/4950","targetHints":{"allow":["GET"]}}],"collection":[{"href":"https:\/\/levarq.blogs.upv.es\/index.php?rest_route=\/wp\/v2\/pages"}],"about":[{"href":"https:\/\/levarq.blogs.upv.es\/index.php?rest_route=\/wp\/v2\/types\/page"}],"author":[{"embeddable":true,"href":"https:\/\/levarq.blogs.upv.es\/index.php?rest_route=\/wp\/v2\/users\/56810"}],"replies":[{"embeddable":true,"href":"https:\/\/levarq.blogs.upv.es\/index.php?rest_route=%2Fwp%2Fv2%2Fcomments&post=4950"}],"version-history":[{"count":2,"href":"https:\/\/levarq.blogs.upv.es\/index.php?rest_route=\/wp\/v2\/pages\/4950\/revisions"}],"predecessor-version":[{"id":6285,"href":"https:\/\/levarq.blogs.upv.es\/index.php?rest_route=\/wp\/v2\/pages\/4950\/revisions\/6285"}],"wp:attachment":[{"href":"https:\/\/levarq.blogs.upv.es\/index.php?rest_route=%2Fwp%2Fv2%2Fmedia&parent=4950"}],"curies":[{"name":"wp","href":"https:\/\/api.w.org\/{rel}","templated":true}]}}