{"id":4714,"date":"2023-01-26T19:42:56","date_gmt":"2023-01-26T18:42:56","guid":{"rendered":"https:\/\/levarq.blogs.upv.es\/?page_id=4714"},"modified":"2023-05-22T15:24:10","modified_gmt":"2023-05-22T14:24:10","slug":"objetivos","status":"publish","type":"page","link":"https:\/\/levarq.blogs.upv.es\/?page_id=4714","title":{"rendered":"Objetivos del proyecto"},"content":{"rendered":"\n<table id=\"tablepress-23\" class=\"tablepress tablepress-id-23\">\n<tbody class=\"row-hover\">\n<tr class=\"row-1\">\n\t<td class=\"column-1\"><a href=\"https:\/\/levarq.blogs.upv.es\/?page_id=4643\">3D4HERITAGE<\/a>  |  <a href=\"https:\/\/levarq.blogs.upv.es\/?page_id=4714\">OBJETIVOS<\/a>  |  <a href=\"https:\/\/levarq.blogs.upv.es\/?page_id=4715\">EQUIPO DE INVESTIGACI\u00d3N<\/a>  |  <a href=\"https:\/\/levarq.blogs.upv.es\/?page_id=4814\">ESCENARIOS<\/a>  | <a href=\"https:\/\/levarq.blogs.upv.es\/?page_id=4950\">PRODUCCI\u00d3N CIENT\u00cdFICA<\/a> | <a href=\"https:\/\/levarq.blogs.upv.es\/?page_id=4716\">ACTIVIDADES <\/a>| <a href=\"https:\/\/levarq.blogs.upv.es\/?page_id=4833\">BASE DE DATOS BIBLIOGR\u00c1FICA<\/a><\/td>\n<\/tr>\n<tr class=\"row-2\">\n\t<td class=\"column-1\"><\/td>\n<\/tr>\n<\/tbody>\n<\/table>\n<!-- #tablepress-23 from cache -->\n\n\n<p style=\"font-size:15px\">El objetivo principal de la presente investigaci\u00f3n es la optimizaci\u00f3n de los flujos de trabajo de los levantamientos integrales 3D de la arquitectura y la arqueolog\u00eda, y la propuesta de est\u00e1ndares que aseguren el cumplimiento de los requisitos exigibles a dichos levantamientos.<\/p>\n\n\n\n<p style=\"font-size:15px\">Ante la diversidad de m\u00e9todos de levantamiento y objetos sobre los que aplicarlos, se plantea la investigaci\u00f3n desde el an\u00e1lisis de los diferentes flujos de trabajo que puedan conducir de una manera u otra, a la consecuci\u00f3n de la finalidad pretendida, para posteriormente determinar aquel que nos lleve a un resultado \u00f3ptimo dentro de cada uno de los escenarios previstos. Igualmente se propone establecer una propuesta de est\u00e1ndares que nos determine las caracter\u00edsticas exigibles a cada uno de estos tipos de levantamiento.<\/p>\n\n\n\n<h3 class=\"wp-block-heading\" style=\"font-style:normal;font-weight:900\">Objetivos espec\u00edficos<\/h3>\n\n\n\n<p style=\"font-size:15px\"><strong>OE1.<\/strong> Realizar una b\u00fasqueda completa de pa\u00edses en los que exista alg\u00fan tipo de especificaciones o estandarizaci\u00f3n sobre el levantamiento gr\u00e1fico del patrimonio cultural, focalizando en la arquitectura y la arqueolog\u00eda.<\/p>\n\n\n\n<p style=\"font-size:15px\"><strong>OE2.<\/strong> Elaborar una base de datos bibliogr\u00e1fica y documental acerca de los m\u00e9todos y sistemas de levantamiento digital 3D de la arquitectura y la arqueolog\u00eda.<\/p>\n\n\n\n<p style=\"font-size:15px\"><strong>OE3.<\/strong> Estudiar y analizar las fuentes documentales y bibliogr\u00e1ficas. An\u00e1lisis, contraste y fusi\u00f3n de la documentaci\u00f3n recopilada.<\/p>\n\n\n\n<p style=\"font-size:15px\"><strong>OE4.<\/strong> Realizar levantamientos gr\u00e1ficos 3D de los escenarios propuestos, ya sea mediante m\u00e9todos pasivos o activos, para cada una de las finalidades previstas (trabajo de campo).<\/p>\n\n\n\n<p style=\"font-size:15px\"><strong>OE5.<\/strong> Elaborar los modelos 3D y obtener los planos 2D en gabinete. Se obtendr\u00e1n sobre un abanico de especificaciones, que variar\u00e1n en funci\u00f3n de las finalidades propuestas.<\/p>\n\n\n\n<p style=\"font-size:15px\"><strong>OE6.<\/strong> Analizar por comparaci\u00f3n, los distintos resultados, seg\u00fan cada escenario y finalidad. Discusi\u00f3n sobre dichos resultados.<\/p>\n\n\n\n<p style=\"font-size:15px\"><strong>OE7.<\/strong> Proponer el establecimiento de est\u00e1ndares para el levantamiento gr\u00e1fico de cada uno de los escenarios y finalidades, en funci\u00f3n de los resultados de la discusi\u00f3n.<\/p>\n\n\n\n<p style=\"font-size:15px\"><strong>OE8.<\/strong> Determinar los flujos de trabajo \u00f3ptimos, que nos han conducido a los est\u00e1ndares requeridos.<\/p>\n\n\n\n<p style=\"font-size:15px\"><strong>OE9.<\/strong> Materializar un manual de Especificaciones para el levantamiento gr\u00e1fico digital del patrimonio cultural: arquitectura y arqueolog\u00eda.<\/p>\n\n\n\n<p style=\"font-size:15px\"><strong>OE10.<\/strong> Dar a conocer a la comunidad cient\u00edfica y a la sociedad, las aportaciones logradas en el proyecto.<\/p>\n\n\n\n<figure class=\"wp-block-image size-full\"><img loading=\"lazy\" decoding=\"async\" width=\"1382\" height=\"182\" src=\"http:\/\/levarq.blogs.upv.es\/wp-content\/uploads\/2023\/05\/BANDA-LOGOS-PORTADA-INFERIOR.jpg\" alt=\"\" class=\"wp-image-5311\" srcset=\"https:\/\/levarq.blogs.upv.es\/wp-content\/uploads\/2023\/05\/BANDA-LOGOS-PORTADA-INFERIOR.jpg 1382w, https:\/\/levarq.blogs.upv.es\/wp-content\/uploads\/2023\/05\/BANDA-LOGOS-PORTADA-INFERIOR-768x101.jpg 768w\" sizes=\"auto, (max-width: 1382px) 100vw, 1382px\" \/><\/figure>\n","protected":false},"excerpt":{"rendered":"<p>El objetivo principal de la presente investigaci\u00f3n es la optimizaci\u00f3n de los flujos de trabajo de los levantamientos integrales 3D de la arquitectura y la arqueolog\u00eda, y la propuesta de est\u00e1ndares que aseguren el cumplimiento de los requisitos exigibles a dichos levantamientos. Ante la diversidad de m\u00e9todos de levantamiento y objetos sobre los que aplicarlos,<\/p>\n<p class=\"more-link\"><a href=\"https:\/\/levarq.blogs.upv.es\/?page_id=4714\" class=\"themebutton2\">Read More<\/a><\/p>\n","protected":false},"author":995,"featured_media":0,"parent":0,"menu_order":0,"comment_status":"closed","ping_status":"closed","template":"","meta":{"footnotes":""},"class_list":["post-4714","page","type-page","status-publish","hentry"],"_links":{"self":[{"href":"https:\/\/levarq.blogs.upv.es\/index.php?rest_route=\/wp\/v2\/pages\/4714","targetHints":{"allow":["GET"]}}],"collection":[{"href":"https:\/\/levarq.blogs.upv.es\/index.php?rest_route=\/wp\/v2\/pages"}],"about":[{"href":"https:\/\/levarq.blogs.upv.es\/index.php?rest_route=\/wp\/v2\/types\/page"}],"author":[{"embeddable":true,"href":"https:\/\/levarq.blogs.upv.es\/index.php?rest_route=\/wp\/v2\/users\/995"}],"replies":[{"embeddable":true,"href":"https:\/\/levarq.blogs.upv.es\/index.php?rest_route=%2Fwp%2Fv2%2Fcomments&post=4714"}],"version-history":[{"count":2,"href":"https:\/\/levarq.blogs.upv.es\/index.php?rest_route=\/wp\/v2\/pages\/4714\/revisions"}],"predecessor-version":[{"id":5312,"href":"https:\/\/levarq.blogs.upv.es\/index.php?rest_route=\/wp\/v2\/pages\/4714\/revisions\/5312"}],"wp:attachment":[{"href":"https:\/\/levarq.blogs.upv.es\/index.php?rest_route=%2Fwp%2Fv2%2Fmedia&parent=4714"}],"curies":[{"name":"wp","href":"https:\/\/api.w.org\/{rel}","templated":true}]}}