{"id":3936,"date":"2020-11-08T19:05:49","date_gmt":"2020-11-08T18:05:49","guid":{"rendered":"http:\/\/levarq.blogs.upv.es\/?page_id=3936"},"modified":"2023-02-22T09:15:03","modified_gmt":"2023-02-22T08:15:03","slug":"colaboracion-con-empresas-y-otras-entidades","status":"publish","type":"page","link":"https:\/\/levarq.blogs.upv.es\/?page_id=3936","title":{"rendered":"Colaboraci\u00f3n con Empresas y otras Entidades"},"content":{"rendered":"\n<table id=\"tablepress-16\" class=\"tablepress tablepress-id-16\">\n<tbody class=\"row-hover\">\n<tr class=\"row-1\">\n\t<td class=\"column-1\"><a href=\"http:\/\/levarq.blogs.upv.es\/?page_id=2426\">L\u00cdNEAS DE INVESTIGACI\u00d3N<\/a>    |     <a href=\"http:\/\/levarq.blogs.upv.es\/?page_id=1132\">PROYECTOS I+D+i <\/a>      |     <a href=\"http:\/\/levarq.blogs.upv.es\/?page_id=2431\">DIGITALIZACI\u00d3N PARA LA INVESTIGACI\u00d3N <\/a>      |     <a href=\"http:\/\/levarq.blogs.upv.es\/?page_id=2841\">COLABORACI\u00d3N CON GRUPOS INTERNACIONALES<\/a>      |        <a href=\"http:\/\/levarq.blogs.upv.es\/?page_id=3936\">OTRAS COLABORACIONES<\/a><\/td>\n<\/tr>\n<tr class=\"row-2\">\n\t<td class=\"column-1\"><\/td>\n<\/tr>\n<\/tbody>\n<\/table>\n<!-- #tablepress-16 from cache -->\n\n\n\n<p class=\"has-small-font-size\">Colaboramos con empresas l\u00edderes del sector de la tecnolog\u00eda para medici\u00f3n, obtenci\u00f3n y generaci\u00f3n de modelos 3D, as\u00ed como con asociaciones relacionadas con el patrimonio cultural.<\/p>\n\n\n\n<figure class=\"wp-block-table is-style-stripes\"><table><tbody><tr><td class=\"has-text-align-center\" data-align=\"center\"><img loading=\"lazy\" decoding=\"async\" width=\"3264\" height=\"701\" class=\"wp-image-3996\" style=\"width: 225px\" src=\"http:\/\/levarq.blogs.upv.es\/wp-content\/uploads\/2020\/11\/Dronetoolspng-2.png\" alt=\"\" srcset=\"https:\/\/levarq.blogs.upv.es\/wp-content\/uploads\/2020\/11\/Dronetoolspng-2.png 3264w, https:\/\/levarq.blogs.upv.es\/wp-content\/uploads\/2020\/11\/Dronetoolspng-2-768x165.png 768w, https:\/\/levarq.blogs.upv.es\/wp-content\/uploads\/2020\/11\/Dronetoolspng-2-1536x330.png 1536w, https:\/\/levarq.blogs.upv.es\/wp-content\/uploads\/2020\/11\/Dronetoolspng-2-2048x440.png 2048w\" sizes=\"auto, (max-width: 3264px) 100vw, 3264px\" \/><\/td><td class=\"has-text-align-center\" data-align=\"center\"><img loading=\"lazy\" decoding=\"async\" width=\"1280\" height=\"829\" class=\"wp-image-3986\" style=\"width: 150px\" src=\"http:\/\/levarq.blogs.upv.es\/wp-content\/uploads\/2020\/11\/Leica_Geosystems.png\" alt=\"\" srcset=\"https:\/\/levarq.blogs.upv.es\/wp-content\/uploads\/2020\/11\/Leica_Geosystems.png 1280w, https:\/\/levarq.blogs.upv.es\/wp-content\/uploads\/2020\/11\/Leica_Geosystems-768x497.png 768w\" sizes=\"auto, (max-width: 1280px) 100vw, 1280px\" \/><\/td><td class=\"has-text-align-center\" data-align=\"center\"><img loading=\"lazy\" decoding=\"async\" width=\"800\" height=\"216\" class=\"wp-image-4001\" style=\"width: 150px\" src=\"http:\/\/levarq.blogs.upv.es\/wp-content\/uploads\/2020\/11\/faro-logo-blue.png\" alt=\"\" srcset=\"https:\/\/levarq.blogs.upv.es\/wp-content\/uploads\/2020\/11\/faro-logo-blue.png 800w, https:\/\/levarq.blogs.upv.es\/wp-content\/uploads\/2020\/11\/faro-logo-blue-768x207.png 768w\" sizes=\"auto, (max-width: 800px) 100vw, 800px\" \/><\/td><td class=\"has-text-align-center\" data-align=\"center\"><img loading=\"lazy\" decoding=\"async\" width=\"2263\" height=\"871\" class=\"wp-image-4011\" style=\"width: 150px\" src=\"http:\/\/levarq.blogs.upv.es\/wp-content\/uploads\/2020\/11\/LOGO-PORTUM-SUCRONE2.jpg\" alt=\"\" srcset=\"https:\/\/levarq.blogs.upv.es\/wp-content\/uploads\/2020\/11\/LOGO-PORTUM-SUCRONE2.jpg 2263w, https:\/\/levarq.blogs.upv.es\/wp-content\/uploads\/2020\/11\/LOGO-PORTUM-SUCRONE2-768x296.jpg 768w, https:\/\/levarq.blogs.upv.es\/wp-content\/uploads\/2020\/11\/LOGO-PORTUM-SUCRONE2-1536x591.jpg 1536w, https:\/\/levarq.blogs.upv.es\/wp-content\/uploads\/2020\/11\/LOGO-PORTUM-SUCRONE2-2048x788.jpg 2048w\" sizes=\"auto, (max-width: 2263px) 100vw, 2263px\" \/><\/td><td class=\"has-text-align-center\" data-align=\"center\"><img loading=\"lazy\" decoding=\"async\" width=\"894\" height=\"671\" class=\"wp-image-4031\" style=\"width: 150px\" src=\"http:\/\/levarq.blogs.upv.es\/wp-content\/uploads\/2020\/11\/Delfin2.png\" alt=\"\" srcset=\"https:\/\/levarq.blogs.upv.es\/wp-content\/uploads\/2020\/11\/Delfin2.png 894w, https:\/\/levarq.blogs.upv.es\/wp-content\/uploads\/2020\/11\/Delfin2-768x576.png 768w\" sizes=\"auto, (max-width: 894px) 100vw, 894px\" \/><\/td><\/tr><\/tbody><\/table><\/figure>\n","protected":false},"excerpt":{"rendered":"<p>Colaboramos con empresas l\u00edderes del sector de la tecnolog\u00eda para medici\u00f3n, obtenci\u00f3n y generaci\u00f3n de modelos 3D, as\u00ed como con asociaciones relacionadas con el patrimonio cultural.<\/p>\n","protected":false},"author":26856,"featured_media":0,"parent":0,"menu_order":0,"comment_status":"closed","ping_status":"closed","template":"","meta":{"footnotes":""},"class_list":["post-3936","page","type-page","status-publish","hentry"],"_links":{"self":[{"href":"https:\/\/levarq.blogs.upv.es\/index.php?rest_route=\/wp\/v2\/pages\/3936","targetHints":{"allow":["GET"]}}],"collection":[{"href":"https:\/\/levarq.blogs.upv.es\/index.php?rest_route=\/wp\/v2\/pages"}],"about":[{"href":"https:\/\/levarq.blogs.upv.es\/index.php?rest_route=\/wp\/v2\/types\/page"}],"author":[{"embeddable":true,"href":"https:\/\/levarq.blogs.upv.es\/index.php?rest_route=\/wp\/v2\/users\/26856"}],"replies":[{"embeddable":true,"href":"https:\/\/levarq.blogs.upv.es\/index.php?rest_route=%2Fwp%2Fv2%2Fcomments&post=3936"}],"version-history":[{"count":2,"href":"https:\/\/levarq.blogs.upv.es\/index.php?rest_route=\/wp\/v2\/pages\/3936\/revisions"}],"predecessor-version":[{"id":4783,"href":"https:\/\/levarq.blogs.upv.es\/index.php?rest_route=\/wp\/v2\/pages\/3936\/revisions\/4783"}],"wp:attachment":[{"href":"https:\/\/levarq.blogs.upv.es\/index.php?rest_route=%2Fwp%2Fv2%2Fmedia&parent=3936"}],"curies":[{"name":"wp","href":"https:\/\/api.w.org\/{rel}","templated":true}]}}