{"id":3131,"date":"2020-11-02T08:45:33","date_gmt":"2020-11-02T07:45:33","guid":{"rendered":"http:\/\/levarq.blogs.upv.es\/?page_id=3131"},"modified":"2020-11-26T21:26:21","modified_gmt":"2020-11-26T20:26:21","slug":"rpas-drones","status":"publish","type":"page","link":"https:\/\/levarq.blogs.upv.es\/?page_id=3131","title":{"rendered":"RPAS: DRONES"},"content":{"rendered":"<p style=\"text-align: justify\">\n<table id=\"tablepress-17\" class=\"tablepress tablepress-id-17\">\n<tbody class=\"row-hover\">\n<tr class=\"row-1\">\n\t<td class=\"column-1\"><a href=\"http:\/\/levarq.blogs.upv.es\/?page_id=3101\">FOTOGRAF\u00cdA<\/a>     |      <a href=\"http:\/\/levarq.blogs.upv.es\/?page_id=3111\">PASIVE REMOTE SENSING: FOTOGRAMETR\u00cdA<\/a>      |     <a href=\"http:\/\/levarq.blogs.upv.es\/?page_id=3121\">ACTIVE REMOTE SENSING: LASER ESC\u00c1NER 3D<\/a>      |     <a href=\"http:\/\/levarq.blogs.upv.es\/?page_id=3131\">RPAS: DRONES<\/a>     |         <a href=\"http:\/\/levarq.blogs.upv.es\/?page_id=3141\">ARQUEOLOG\u00cdA SUBMARINA<\/a><\/td>\n<\/tr>\n<tr class=\"row-2\">\n\t<td class=\"column-1\"><\/td>\n<\/tr>\n<\/tbody>\n<\/table>\n<!-- #tablepress-17 from cache --><\/p>\n<p style=\"text-align: justify\">La utilizaci\u00f3n de <strong>veh\u00edculos a\u00e9reos no tripulados (RPAS)<\/strong>, conocidos como <strong>drones<\/strong>, para la detecci\u00f3n remota, es un campo emergente de investigaci\u00f3n y desarrollo. Los drones se utilizan cada vez m\u00e1s para el seguimiento de la excavaci\u00f3n arqueolog\u00eda y de la intervenci\u00f3n arquitect\u00f3nica patrimonial. LevARQ dispone de drones y de una amplia experiencia, pues ha sido pionero en este campo, utiliz\u00e1ndolo desde antes de su primera regulaci\u00f3n. Adem\u00e1s, ha sido part\u00edcipe en la creaci\u00f3n y regulaci\u00f3n de la <strong>Comisi\u00f3n de Sistemas de Aeronaves No Tripuladas (COSIDANT)<\/strong> de la Universitat Polit\u00e8cnica de Val\u00e8ncia, disponiendo de operadora autorizada en AESA (Agencia Estatal de Seguridad A\u00e9rea).<\/p>\n\n\n<figure class=\"wp-block-embed-vimeo aligncenter wp-block-embed is-type-video is-provider-vimeo wp-embed-aspect-4-3 wp-has-aspect-ratio\"><div class=\"wp-block-embed__wrapper\">\n<iframe loading=\"lazy\" title=\"Mauz540\" src=\"https:\/\/player.vimeo.com\/video\/484191750?dnt=1&amp;app_id=122963\" width=\"426\" height=\"240\" frameborder=\"0\" allow=\"autoplay; fullscreen\" allowfullscreen><\/iframe>\n<\/div><\/figure>\n\n\n\n<div class=\"wp-block-image\"><figure class=\"aligncenter size-large\"><img loading=\"lazy\" decoding=\"async\" width=\"1024\" height=\"210\" src=\"https:\/\/levarq.blogs.upv.es\/wp-content\/uploads\/2020\/11\/Dronyyo.jpg\" alt=\"\" class=\"wp-image-4430\" srcset=\"https:\/\/levarq.blogs.upv.es\/wp-content\/uploads\/2020\/11\/Dronyyo.jpg 1024w, https:\/\/levarq.blogs.upv.es\/wp-content\/uploads\/2020\/11\/Dronyyo-768x158.jpg 768w\" sizes=\"auto, (max-width: 1024px) 100vw, 1024px\" \/><\/figure><\/div>\n\n\n\n<p><\/p>\n","protected":false},"excerpt":{"rendered":"<p>La utilizaci\u00f3n de veh\u00edculos a\u00e9reos no tripulados (RPAS), conocidos como drones, para la detecci\u00f3n remota, es un campo emergente de investigaci\u00f3n y desarrollo. Los drones se utilizan cada vez m\u00e1s para el seguimiento de la excavaci\u00f3n arqueolog\u00eda y de la intervenci\u00f3n arquitect\u00f3nica patrimonial. LevARQ dispone de drones y de una amplia experiencia, pues ha sido<\/p>\n<p class=\"more-link\"><a href=\"https:\/\/levarq.blogs.upv.es\/?page_id=3131\" class=\"themebutton2\">Read More<\/a><\/p>\n","protected":false},"author":995,"featured_media":0,"parent":0,"menu_order":0,"comment_status":"closed","ping_status":"closed","template":"","meta":{"footnotes":""},"class_list":["post-3131","page","type-page","status-publish","hentry"],"_links":{"self":[{"href":"https:\/\/levarq.blogs.upv.es\/index.php?rest_route=\/wp\/v2\/pages\/3131","targetHints":{"allow":["GET"]}}],"collection":[{"href":"https:\/\/levarq.blogs.upv.es\/index.php?rest_route=\/wp\/v2\/pages"}],"about":[{"href":"https:\/\/levarq.blogs.upv.es\/index.php?rest_route=\/wp\/v2\/types\/page"}],"author":[{"embeddable":true,"href":"https:\/\/levarq.blogs.upv.es\/index.php?rest_route=\/wp\/v2\/users\/995"}],"replies":[{"embeddable":true,"href":"https:\/\/levarq.blogs.upv.es\/index.php?rest_route=%2Fwp%2Fv2%2Fcomments&post=3131"}],"version-history":[{"count":2,"href":"https:\/\/levarq.blogs.upv.es\/index.php?rest_route=\/wp\/v2\/pages\/3131\/revisions"}],"predecessor-version":[{"id":4431,"href":"https:\/\/levarq.blogs.upv.es\/index.php?rest_route=\/wp\/v2\/pages\/3131\/revisions\/4431"}],"wp:attachment":[{"href":"https:\/\/levarq.blogs.upv.es\/index.php?rest_route=%2Fwp%2Fv2%2Fmedia&parent=3131"}],"curies":[{"name":"wp","href":"https:\/\/api.w.org\/{rel}","templated":true}]}}