{"id":2996,"date":"2020-11-02T07:53:11","date_gmt":"2020-11-02T06:53:11","guid":{"rendered":"http:\/\/levarq.blogs.upv.es\/?page_id=2996"},"modified":"2023-06-23T11:01:10","modified_gmt":"2023-06-23T10:01:10","slug":"2996-2","status":"publish","type":"page","link":"https:\/\/levarq.blogs.upv.es\/?page_id=2996","title":{"rendered":"INSTRUMENTOS Y EQUIPOS"},"content":{"rendered":"\n<table id=\"tablepress-71\" class=\"tablepress tablepress-id-71\">\n<tbody class=\"row-hover\">\n<tr class=\"row-1\">\n\t<td class=\"column-1\"><a href=\"http:\/\/levarq.blogs.upv.es\/?page_id=1978\">CAPACIDADES LevARQ_LAB<\/a>     |        <a href=\"http:\/\/levarq.blogs.upv.es\/?page_id=2996\">INSTRUMENTOS Y EQUIPOS<\/a><\/td><td class=\"column-2\"><\/td>\n<\/tr>\n<tr class=\"row-2\">\n\t<td class=\"column-1\"><\/td><td class=\"column-2\"><\/td>\n<\/tr>\n<\/tbody>\n<\/table>\n<!-- #tablepress-71 from cache -->\n<p>Dentro del Laboratorio LevARQ destacamos los siguientes instrumentos y equipos:<\/p>\n<p>&#8211; <strong>L\u00e1ser esc\u00e1ner 3D de Leica, modelo RTC 360<\/strong>, basado en la tecnolog\u00eda de tiempo de vuelo, permite medir hasta 2 millones de puntos por segundo, en un rango de medici\u00f3n que oscila entre 0,5 m. y 130 m., y con un campo de visi\u00f3n de 360\u00b0 en sentido horizontal y de 300\u00b0 en vertical. Para la toma del color del punto, el esc\u00e1ner incorpora 3 c\u00e1maras de 36 MP, que funcionan bajo un sistema de im\u00e1genes HDR avanzado. Este esc\u00e1ner incorpora un sistema basado en tecnolog\u00eda VIS (Virtual Inercial System).<\/p>\n<p>&#8211; <strong>GPS Leica Zeno FLX100<\/strong>, con precisi\u00f3n centim\u00e9trica.<\/p>\n<p>\u2010 <strong style=\"font-style: inherit\">Dron Quadric\u00f3ptero<\/strong>\u00a0fabricado por\u00a0<strong style=\"font-style: inherit\">Dronetools<\/strong>, dotado de\u00a0 chasis de carbono con cuatro brazos plegables, cuatro motores el\u00e9ctricos tipo brushless AXi 2820\/18 de 555 W de potencia, h\u00e9lices de fibra de carbono huecas de 14 pulgadas de di\u00e1metro y 5 pulgadas de paso y control mediante sistema de piloto autom\u00e1tico DJI A2. Adem\u00e1s el dron est\u00e1 adaptado para transportar una montura de c\u00e1mara de dos ejes (pan and tilt) en fibra de carbono, con motores brushless. Peso en vac\u00edo, 1.700 gr;\u00a0 peso m\u00e1ximo al despegue (MTOW) 3.800 gr.<\/p>\n<p>\u2010 <strong>Dron Mavic 3 Enterprise RTK, <\/strong>con sensor CMOS 4\/3, con una resoluci\u00f3n de 20 MP, obturador mec\u00e1nico y lente gran angular de 24 mm de distancia focal equivalente. Dispone de una segunda c\u00e1mara con distancia focal equivalente de 162 mm, sensor con resoluci\u00f3n de12 MP, y zoom h\u00edbrido 56\u00d7.<strong><br \/><\/strong><\/p>\n<p>\u2010\u00a0<strong style=\"font-style: inherit\">Equipo fotogr\u00e1fico<\/strong>. En concreto se dispone de distintas c\u00e1maras fotogr\u00e1ficas entre las que se encuentran dos <strong style=\"font-style: inherit\">c\u00e1maras Sony RX100II<\/strong> , dotadas con una resoluci\u00f3n de 20,2 Mb, sensor CMOS de 13,2 x 8,8 mm y lente Carl ZEISS f1,8, de longitud focal equivalente 28-100 mm, para transportar en el drone y una\u00a0<strong style=\"font-style: inherit\">c\u00e1mara Sony \u03b17r<\/strong>, con una resoluci\u00f3n de 36,4 Mb, sensor de formato completo, dotada de lente profesional Carl Zeiss, para apoyo terrestre.<\/p>\n<p>\u2013\u00a0<strong style=\"font-style: inherit\">Estaci\u00f3n total topogr\u00e1fica rob\u00f3tica<\/strong>, modelo\u00a0<strong style=\"font-style: inherit\">Imagen IS de Topcon<\/strong>, con posibilidad de toma de im\u00e1genes a 360\u00ba, medici\u00f3n sin prisma a corto y largo alcance, y escaneo.<\/p>\n<p>\u2013\u00a0<strong style=\"font-style: inherit\">Software<\/strong>\u00a0de topograf\u00eda, fotogrametr\u00eda y esc\u00e1ner l\u00e1ser.<\/p>\n\n\n<figure class=\"wp-block-image size-large\"><img decoding=\"async\" src=\"https:\/\/levarq.blogs.upv.es\/6147e5ae-315f-4430-98d1-1494c73d55db\" alt=\"\" \/><\/figure>\n\n\n\n<figure class=\"wp-block-image size-full\"><img loading=\"lazy\" decoding=\"async\" width=\"2560\" height=\"1707\" src=\"https:\/\/levarq.blogs.upv.es\/wp-content\/uploads\/2020\/11\/IMG_2609-2-scaled.jpg\" alt=\"\" class=\"wp-image-4246\" srcset=\"https:\/\/levarq.blogs.upv.es\/wp-content\/uploads\/2020\/11\/IMG_2609-2-scaled.jpg 2560w, https:\/\/levarq.blogs.upv.es\/wp-content\/uploads\/2020\/11\/IMG_2609-2-768x512.jpg 768w, https:\/\/levarq.blogs.upv.es\/wp-content\/uploads\/2020\/11\/IMG_2609-2-1536x1024.jpg 1536w, https:\/\/levarq.blogs.upv.es\/wp-content\/uploads\/2020\/11\/IMG_2609-2-2048x1365.jpg 2048w, https:\/\/levarq.blogs.upv.es\/wp-content\/uploads\/2020\/11\/IMG_2609-2-380x254.jpg 380w\" sizes=\"auto, (max-width: 2560px) 100vw, 2560px\" \/><\/figure>\n","protected":false},"excerpt":{"rendered":"<p>Dentro del Laboratorio LevARQ destacamos los siguientes instrumentos y equipos: &#8211; L\u00e1ser esc\u00e1ner 3D de Leica, modelo RTC 360, basado en la tecnolog\u00eda de tiempo de vuelo, permite medir hasta 2 millones de puntos por segundo, en un rango de medici\u00f3n que oscila entre 0,5 m. y 130 m., y con un campo de visi\u00f3n<\/p>\n<p class=\"more-link\"><a href=\"https:\/\/levarq.blogs.upv.es\/?page_id=2996\" class=\"themebutton2\">Read More<\/a><\/p>\n","protected":false},"author":995,"featured_media":0,"parent":0,"menu_order":0,"comment_status":"closed","ping_status":"closed","template":"","meta":{"footnotes":""},"class_list":["post-2996","page","type-page","status-publish","hentry"],"_links":{"self":[{"href":"https:\/\/levarq.blogs.upv.es\/index.php?rest_route=\/wp\/v2\/pages\/2996","targetHints":{"allow":["GET"]}}],"collection":[{"href":"https:\/\/levarq.blogs.upv.es\/index.php?rest_route=\/wp\/v2\/pages"}],"about":[{"href":"https:\/\/levarq.blogs.upv.es\/index.php?rest_route=\/wp\/v2\/types\/page"}],"author":[{"embeddable":true,"href":"https:\/\/levarq.blogs.upv.es\/index.php?rest_route=\/wp\/v2\/users\/995"}],"replies":[{"embeddable":true,"href":"https:\/\/levarq.blogs.upv.es\/index.php?rest_route=%2Fwp%2Fv2%2Fcomments&post=2996"}],"version-history":[{"count":2,"href":"https:\/\/levarq.blogs.upv.es\/index.php?rest_route=\/wp\/v2\/pages\/2996\/revisions"}],"predecessor-version":[{"id":5811,"href":"https:\/\/levarq.blogs.upv.es\/index.php?rest_route=\/wp\/v2\/pages\/2996\/revisions\/5811"}],"wp:attachment":[{"href":"https:\/\/levarq.blogs.upv.es\/index.php?rest_route=%2Fwp%2Fv2%2Fmedia&parent=2996"}],"curies":[{"name":"wp","href":"https:\/\/api.w.org\/{rel}","templated":true}]}}