{"id":2841,"date":"2020-10-29T20:26:29","date_gmt":"2020-10-29T19:26:29","guid":{"rendered":"http:\/\/levarq.blogs.upv.es\/?page_id=2841"},"modified":"2023-02-22T09:15:41","modified_gmt":"2023-02-22T08:15:41","slug":"colaboracion-con-grupos-internacionales-2","status":"publish","type":"page","link":"https:\/\/levarq.blogs.upv.es\/?page_id=2841","title":{"rendered":"Colaboraci\u00f3n con Grupos Internacionales"},"content":{"rendered":"\n\n<table id=\"tablepress-16\" class=\"tablepress tablepress-id-16\">\n<tbody class=\"row-hover\">\n<tr class=\"row-1\">\n\t<td class=\"column-1\"><a href=\"http:\/\/levarq.blogs.upv.es\/?page_id=2426\">L\u00cdNEAS DE INVESTIGACI\u00d3N<\/a>    |     <a href=\"http:\/\/levarq.blogs.upv.es\/?page_id=1132\">PROYECTOS I+D+i <\/a>      |     <a href=\"http:\/\/levarq.blogs.upv.es\/?page_id=2431\">DIGITALIZACI\u00d3N PARA LA INVESTIGACI\u00d3N <\/a>      |     <a href=\"http:\/\/levarq.blogs.upv.es\/?page_id=2841\">COLABORACI\u00d3N CON GRUPOS INTERNACIONALES<\/a>      |        <a href=\"http:\/\/levarq.blogs.upv.es\/?page_id=3936\">OTRAS COLABORACIONES<\/a><\/td>\n<\/tr>\n<tr class=\"row-2\">\n\t<td class=\"column-1\"><\/td>\n<\/tr>\n<\/tbody>\n<\/table>\n<!-- #tablepress-16 from cache -->\n\n\n\n<p class=\"has-small-font-size\"><strong>Universit\u00e0 degli studi di Firenze<\/strong><\/p>\n\n\n\n<ul class=\"has-small-font-size wp-block-list\">\n<li><strong>Levantamiento Gr\u00e1fico<\/strong> con Esc\u00e1ner L\u00e1ser 3D de las&nbsp;<strong>FACHADAS DEL ROM\u00c1NICO TOSCANO<\/strong>: <strong>SAN SALVATORE AL VESCOVO, SAN MINIATO AL MONTE <\/strong>Y <strong>COLEGIATA DE EMPOLI<\/strong>.&nbsp; Florencia, Italia. Universitat Polit\u00e8cnica de Val\u00e8ncia &#8211; Universit\u00e0 degli studi di Firenze, Italia. 2019.<\/li>\n\n\n\n<li><strong>LOS POBLADOS FORTIFICADOS EN LA VALLERIANA <\/strong>&nbsp;(Pescia, Pistoia, Italia). An\u00e1lisis de la forma urbana del Castello di Pietrabuona. Prof. Alessandro Merlo. Dipartimento di Architettura. Universit\u00e0 degli Studi di Firenze. Italia. 2011.<\/li>\n<\/ul>\n\n\n\n<p class=\"has-small-font-size\"><strong>MOLA (Museum of London Archaelogy)<\/strong><\/p>\n\n\n\n<ul class=\"has-small-font-size wp-block-list\">\n<li><strong>Restituci\u00f3n fotogram\u00e9trica<\/strong> de <strong>\u00ab<a href=\"https:\/\/skfb.ly\/6ByJH\">THE OLD SWAN STAIRS AND WHARF<\/a>\u00ab<\/strong>, y los barcos <strong>\u00ab<a href=\"https:\/\/skfb.ly\/6AZJE\">EOTHEN<\/a>\u00ab<\/strong> y <strong>\u00ab<a href=\"https:\/\/skfb.ly\/6zoXC\">GALLION\u2019S POINT<\/a>\u00ab<\/strong> situados en el lecho del r\u00edo T\u00e1mesis, en colaboraci\u00f3n con el proyecto <a href=\"https:\/\/www.mola.org.uk\/thames-discovery-programme\">Thames Discovery Programm<\/a>. Dr. Eliott Wargg. Londres, UK. MOLA (Museum of London Archaelogy) &#8211; Universitat Polit\u00e8cnica de Val\u00e8ncia &#8211; Universit\u00e0 degli studi di Firenze, Italia. 2018.https:\/\/skfb.ly\/6zLrz<\/li>\n\n\n\n<li><strong>Modelado 3D <\/strong>del sitio arqueol\u00f3gico de la <strong><a href=\"https:\/\/www.mola.org.uk\/geomatics-skills-exchange-univesitat-politecnica-de-valencia\">CHARNEL HOUSE<\/a> <\/strong>, de las piezas encontradas en la excavaci\u00f3n, y propuesta de hip\u00f3tesis reconstructiva.&nbsp; Dr. David Bowsher. Londres, UK. MOLA (Museum of London Archaelogy) &#8211; Universitat Polit\u00e8cnica de Val\u00e8ncia &#8211; Universit\u00e0 degli studi di Firenze, Italia. 2018.<\/li>\n<\/ul>\n\n\n\n<p class=\"has-small-font-size\"><strong>Politecnico di Milano<\/strong><\/p>\n\n\n\n<ul class=\"has-small-font-size wp-block-list\">\n<li><strong>3D Icons.<\/strong> European Project, cuyo objetivo es <strong>proporcionar a Europeana modelos 3D precisos de monumentos y edificios arquitect\u00f3nicos y arqueol\u00f3gicos de gran importancia cultural<\/strong>. Prof. Gabriele Guidi. Politecnico di Milano. &nbsp;Department of Mechanical Engineering. Italia. 2012-13.<\/li>\n<\/ul>\n\n\n\n<p class=\"has-small-font-size\"><strong>Soprintendenza per i Beni Archeologici del Lazio<\/strong><\/p>\n\n\n\n<ul class=\"has-small-font-size wp-block-list\">\n<li><strong>Piazza dell&#8217;oro de la VILA ADRIANA<\/strong>. Dra. Benedetta Adembri.&nbsp; Soprintendenza per i Beni Archeologici del Lazio,&nbsp;Area Archeologica di Villa Adriana, Tivoli, Italia. 2011, 2013.<\/li>\n<\/ul>\n","protected":false},"excerpt":{"rendered":"<p>Universit\u00e0 degli studi di Firenze MOLA (Museum of London Archaelogy) Politecnico di Milano Soprintendenza per i Beni Archeologici del Lazio<\/p>\n","protected":false},"author":995,"featured_media":0,"parent":0,"menu_order":0,"comment_status":"closed","ping_status":"closed","template":"","meta":{"footnotes":""},"class_list":["post-2841","page","type-page","status-publish","hentry"],"_links":{"self":[{"href":"https:\/\/levarq.blogs.upv.es\/index.php?rest_route=\/wp\/v2\/pages\/2841","targetHints":{"allow":["GET"]}}],"collection":[{"href":"https:\/\/levarq.blogs.upv.es\/index.php?rest_route=\/wp\/v2\/pages"}],"about":[{"href":"https:\/\/levarq.blogs.upv.es\/index.php?rest_route=\/wp\/v2\/types\/page"}],"author":[{"embeddable":true,"href":"https:\/\/levarq.blogs.upv.es\/index.php?rest_route=\/wp\/v2\/users\/995"}],"replies":[{"embeddable":true,"href":"https:\/\/levarq.blogs.upv.es\/index.php?rest_route=%2Fwp%2Fv2%2Fcomments&post=2841"}],"version-history":[{"count":3,"href":"https:\/\/levarq.blogs.upv.es\/index.php?rest_route=\/wp\/v2\/pages\/2841\/revisions"}],"predecessor-version":[{"id":4784,"href":"https:\/\/levarq.blogs.upv.es\/index.php?rest_route=\/wp\/v2\/pages\/2841\/revisions\/4784"}],"wp:attachment":[{"href":"https:\/\/levarq.blogs.upv.es\/index.php?rest_route=%2Fwp%2Fv2%2Fmedia&parent=2841"}],"curies":[{"name":"wp","href":"https:\/\/api.w.org\/{rel}","templated":true}]}}