{"id":2431,"date":"2020-10-28T19:16:18","date_gmt":"2020-10-28T18:16:18","guid":{"rendered":"http:\/\/levarq.blogs.upv.es\/?page_id=2431"},"modified":"2025-05-04T19:35:49","modified_gmt":"2025-05-04T18:35:49","slug":"contratos-de-investigacion","status":"publish","type":"page","link":"https:\/\/levarq.blogs.upv.es\/?page_id=2431","title":{"rendered":"Digitalizaci\u00f3n para la Investigaci\u00f3n"},"content":{"rendered":"\n<table id=\"tablepress-16\" class=\"tablepress tablepress-id-16\">\n<tbody class=\"row-hover\">\n<tr class=\"row-1\">\n\t<td class=\"column-1\"><a href=\"http:\/\/levarq.blogs.upv.es\/?page_id=2426\">L\u00cdNEAS DE INVESTIGACI\u00d3N<\/a>    |     <a href=\"http:\/\/levarq.blogs.upv.es\/?page_id=1132\">PROYECTOS I+D+i <\/a>      |     <a href=\"http:\/\/levarq.blogs.upv.es\/?page_id=2431\">DIGITALIZACI\u00d3N PARA LA INVESTIGACI\u00d3N <\/a>      |     <a href=\"http:\/\/levarq.blogs.upv.es\/?page_id=2841\">COLABORACI\u00d3N CON GRUPOS INTERNACIONALES<\/a>      |        <a href=\"http:\/\/levarq.blogs.upv.es\/?page_id=3936\">OTRAS COLABORACIONES<\/a><\/td>\n<\/tr>\n<tr class=\"row-2\">\n\t<td class=\"column-1\"><\/td>\n<\/tr>\n<\/tbody>\n<\/table>\n\n\n\n<p style=\"font-size:15px\">A&nbsp; continuaci\u00f3n, se relacionan los \u00faltimos levantamientos realizados en contratos y proyectos de investigaci\u00f3n:<\/p>\n\n\n\n<p style=\"font-size:14px;font-style:normal;font-weight:700\">2024<\/p>\n\n\n\n<ul class=\"wp-block-list has-small-font-size\">\n<li>Levantamiento fotogram\u00e9trico y esc\u00e1ner laser 3D (ortoim\u00e1genes) de Villa Amparo de Rocafort (Valencia), para estudio arqueol\u00f3gico<\/li>\n\n\n\n<li>Levantamiento gr\u00e1fico escaner l\u00e1ser y elaboraci\u00f3n planos del Mas de las Nogueras, Linares de Mora (Teruel), para proyecto de restauraci\u00f3n<br \/>\u00a0<\/li>\n<\/ul>\n\n\n\n<p style=\"font-size:14px;font-style:normal;font-weight:700\">2023<\/p>\n\n\n\n<ul class=\"wp-block-list has-small-font-size\">\n<li>Levantamiento gr\u00e1fico 3D-2D del castillo de Alcudia de Veo, Castillo de Fanzara y Torre del Mar de Burriana  (Castell\u00f3n)<\/li>\n\n\n\n<li>Proyecto de ejecuci\u00f3n para la restauraci\u00f3n y puesta en valor del b\u00fanker del faro denominado Villa Madrid, Cullera (Valencia)<\/li>\n\n\n\n<li>Redacci\u00f3 del projecte, direcci\u00f3 facultativa i coordinaci\u00f3 de seguretat i salut per a la reconstrucci\u00f3 del Pont de Baix de Aielo de Malferit (Valencia)<\/li>\n\n\n\n<li>Casino del Americano, Valencia. Fase 2<\/li>\n\n\n\n<li>Castillo de Ares en Pozond\u00f3n (Teruel). Levantamiento previo a la redacci\u00f3n de Plan Director del castillo<\/li>\n\n\n\n<li>Varias piezas romanas del Museo Arqueol\u00f3gico de Burriana (Castell\u00f3n)<\/li>\n\n\n\n<li>Plaquetas paleol\u00edticas de la Cueva del Parpall\u00f3 (Museo de Prehistoria, Valencia). Fase 2<\/li>\n<\/ul>\n\n\n\n<p style=\"font-size:14px;font-style:normal;font-weight:700\">2022<\/p>\n\n\n\n<ul class=\"wp-block-list has-small-font-size\">\n<li><em>Casas Cueva,<\/em> B\u00e9tera, (Valencia)<\/li>\n\n\n\n<li>Casas de Pescadores (Faro del Cullera, Valencia)<\/li>\n\n\n\n<li><em>Fortaleza de Santa Anna<\/em>, Oliva (Valencia)<\/li>\n\n\n\n<li><em>Horno Medieval<\/em>, Petr\u00e9s (Valencia)<\/li>\n\n\n\n<li><em>Castillo de El Toro<\/em>, El Toro (Castell\u00f3n)<\/li>\n\n\n\n<li><em>Centro hist\u00f3rico de Cabanes, Cabanes <\/em>(Castell\u00f3n)<\/li>\n\n\n\n<li><em>Torre de Benizahat<\/em> , Vall d&#8217;Ux\u00f3 (Castell\u00f3n)<\/li>\n\n\n\n<li>Ba\u00f1os \u00c1rabes <em>Hernando de Zafra<\/em>. Granada<\/li>\n\n\n\n<li>Ladera de la Ermita de los Santos de la Piedra. <em>Museo del Arroz<\/em>. Cullera (Valencia)<\/li>\n\n\n\n<li>Villa Romana de <em>Sant Gregori<\/em>. Burriana (Castell\u00f3n)<\/li>\n\n\n\n<li>Castillo de <em><\/em><em>Bair\u00e9n<\/em>, Gand\u00eda (Valencia). Fase 2<\/li>\n\n\n\n<li>Casa Palacio de <em>Petr\u00e9s<\/em>, (Valencia). Fase 2<\/li>\n<\/ul>\n\n\n\n<p style=\"font-size:14px;font-style:normal;font-weight:700\">2021<\/p>\n\n\n\n<ul class=\"wp-block-list has-small-font-size\">\n<li>Iglesia de las <em>Escuelas P\u00edas<\/em> (Valencia) Fase 2<\/li>\n\n\n\n<li>Torre-Alquer\u00eda de <em>Carabona,<\/em> Burriana (Castell\u00f3n)<\/li>\n\n\n\n<li>Bas\u00edlica de <em>San Jaime Ap\u00f3stol,<\/em> Algemes\u00ed (Valencia)<\/li>\n\n\n\n<li>Castillo de<em> Tales<\/em> (Castell\u00f3n)<\/li>\n\n\n\n<li>Iglesia de la <em>Inmaculada<\/em> en Santa Eulalia del Campo (Teruel)<\/li>\n\n\n\n<li>Iglesia&nbsp;de <em>Nuestra Se\u00f1ora de Sales,<\/em> Sueca (Valencia)<\/li>\n\n\n\n<li>Construcciones antia\u00e9reas de la Guerra Civil.<em> Bater\u00eda, refugio-polvor\u00edn y puesto de mando.<\/em> Faro de Cullera, Cullera (Valencia)<\/li>\n\n\n\n<li><em>Puente d&#8217; All\u00e1 Baix<\/em> (S. XVI), Aileo de Malferit<em>.<\/em>, (Valencia)<\/li>\n\n\n\n<li><em>F\u00e1brica alcoholera de Aielo<\/em><strong>,&nbsp;<\/strong>Aileo de Malferit<em>.<\/em>, (Valencia)<\/li>\n\n\n\n<li>Real&nbsp;<em>Monasterio&nbsp;de Santa Mar\u00eda de la&nbsp;Valldigna,<\/em> en&nbsp;<em>Simat<\/em>&nbsp;de&nbsp;<em>Valldigna<\/em>&nbsp;(Valencia)<\/li>\n\n\n\n<li>Restos de la <em>muralla isl\u00e1mica<\/em> situados en el IVAM- Instituto Valenciano de Arte Moderno. Valencia<\/li>\n\n\n\n<li><em>Sitio arqueol\u00f3gico de Bofilla<\/em>, en B\u00e9tera (Valencia)<\/li>\n<\/ul>\n\n\n\n<p style=\"font-size:14px;font-style:normal;font-weight:700\">2020<\/p>\n\n\n\n<ul class=\"wp-block-list has-small-font-size\">\n<li><em>Barraca<\/em> en el Palmar (Valencia)<\/li>\n\n\n\n<li>Casa de <em>Curtidores, <\/em>Barrio del Carmen (Valencia)<\/li>\n\n\n\n<li>Castillo de <em>Bou Negre, <\/em>Argelita (Castell\u00f3n)<\/li>\n\n\n\n<li>Castillo de <em>Cirat<\/em> (Castell\u00f3n)<\/li>\n\n\n\n<li>Castillo de <em>J\u00e9rica (<\/em>Castell\u00f3n)<\/li>\n\n\n\n<li>Castillo de la <em>Vilavella<\/em>, Castell\u00f3n<\/li>\n\n\n\n<li>Castillo de <em>Mauz, <\/em>Sueras (Castell\u00f3n)<\/li>\n\n\n\n<li>Centro Hist\u00f3rico de Massalav\u00e9s (Valencia)<\/li>\n\n\n\n<li>Torre dels Mil\u00e0. Massalav\u00e9s (Valencia)<\/li>\n\n\n\n<li>Cueva <em>museo del Dragut, <\/em>Cullera (Valencia)<\/li>\n\n\n\n<li>Pont de <em>L\u2019 Ase. <\/em>Pobla llarga, (Valencia)<\/li>\n<\/ul>\n\n\n\n<p style=\"font-size:14px;font-style:normal;font-weight:700\">Algunos contratos anteriores a 2020<\/p>\n\n\n\n<ul class=\"wp-block-list has-small-font-size\">\n<li><em>Ateneo de Sueca<\/em> (Valencia)<\/li>\n\n\n\n<li>Casino del Americano, Valencia. Fase 1<\/li>\n\n\n\n<li>Castillo de <em>Bair\u00e9n<\/em>, Gand\u00eda (Valencia). Fase 1<\/li>\n\n\n\n<li>Castillo de <em>Corbera<\/em>, Corbera (Valencia)<\/li>\n\n\n\n<li>Casa Palacio de <em>Petr\u00e9s<\/em>, (Valencia). Fase 1<\/li>\n\n\n\n<li>Castillo de <em>Xi\u00f3<\/em>, Llutxent (Valencia)<\/li>\n\n\n\n<li>Iglesia de las <em>Escuelas P\u00edas<\/em> (Valencia)<\/li>\n\n\n\n<li>Iglesia de Sa<em>n Miguel y San Esteban<\/em> (Valencia)<\/li>\n\n\n\n<li>Plaquetas paleol\u00edticas de la Cueva del Parpall\u00f3 (Museo de Prehistoria, Valencia). Fase 1<\/li>\n\n\n\n<li>Torre de <em>Badum<\/em>, Pe\u00f1\u00edscola (Castell\u00f3n)<\/li>\n\n\n\n<li>Torre de <em>Bofilla<\/em>, B\u00e9tera (Valencia)<\/li>\n\n\n\n<li>Torre de <em>Mussa<\/em>, Benifai\u00f3 (Valenc<\/li>\n<\/ul>\n","protected":false},"excerpt":{"rendered":"<p>A&nbsp; continuaci\u00f3n, se relacionan los \u00faltimos levantamientos realizados en contratos y proyectos de investigaci\u00f3n: 2024 2023 2022 2021 2020 Algunos contratos anteriores a 2020<\/p>\n","protected":false},"author":995,"featured_media":0,"parent":0,"menu_order":0,"comment_status":"closed","ping_status":"closed","template":"","meta":{"footnotes":""},"class_list":["post-2431","page","type-page","status-publish","hentry"],"_links":{"self":[{"href":"https:\/\/levarq.blogs.upv.es\/index.php?rest_route=\/wp\/v2\/pages\/2431","targetHints":{"allow":["GET"]}}],"collection":[{"href":"https:\/\/levarq.blogs.upv.es\/index.php?rest_route=\/wp\/v2\/pages"}],"about":[{"href":"https:\/\/levarq.blogs.upv.es\/index.php?rest_route=\/wp\/v2\/types\/page"}],"author":[{"embeddable":true,"href":"https:\/\/levarq.blogs.upv.es\/index.php?rest_route=\/wp\/v2\/users\/995"}],"replies":[{"embeddable":true,"href":"https:\/\/levarq.blogs.upv.es\/index.php?rest_route=%2Fwp%2Fv2%2Fcomments&post=2431"}],"version-history":[{"count":2,"href":"https:\/\/levarq.blogs.upv.es\/index.php?rest_route=\/wp\/v2\/pages\/2431\/revisions"}],"predecessor-version":[{"id":6290,"href":"https:\/\/levarq.blogs.upv.es\/index.php?rest_route=\/wp\/v2\/pages\/2431\/revisions\/6290"}],"wp:attachment":[{"href":"https:\/\/levarq.blogs.upv.es\/index.php?rest_route=%2Fwp%2Fv2%2Fmedia&parent=2431"}],"curies":[{"name":"wp","href":"https:\/\/api.w.org\/{rel}","templated":true}]}}