{"id":2426,"date":"2020-10-28T19:16:18","date_gmt":"2020-10-28T18:16:18","guid":{"rendered":"http:\/\/levarq.blogs.upv.es\/?page_id=2426"},"modified":"2023-05-19T09:48:37","modified_gmt":"2023-05-19T08:48:37","slug":"lineas-de-investigacion","status":"publish","type":"page","link":"https:\/\/levarq.blogs.upv.es\/?page_id=2426","title":{"rendered":"L\u00edneas de Investigaci\u00f3n"},"content":{"rendered":"\n<table id=\"tablepress-16\" class=\"tablepress tablepress-id-16\">\n<tbody class=\"row-hover\">\n<tr class=\"row-1\">\n\t<td class=\"column-1\"><a href=\"http:\/\/levarq.blogs.upv.es\/?page_id=2426\">L\u00cdNEAS DE INVESTIGACI\u00d3N<\/a>    |     <a href=\"http:\/\/levarq.blogs.upv.es\/?page_id=1132\">PROYECTOS I+D+i <\/a>      |     <a href=\"http:\/\/levarq.blogs.upv.es\/?page_id=2431\">DIGITALIZACI\u00d3N PARA LA INVESTIGACI\u00d3N <\/a>      |     <a href=\"http:\/\/levarq.blogs.upv.es\/?page_id=2841\">COLABORACI\u00d3N CON GRUPOS INTERNACIONALES<\/a>      |        <a href=\"http:\/\/levarq.blogs.upv.es\/?page_id=3936\">OTRAS COLABORACIONES<\/a><\/td>\n<\/tr>\n<tr class=\"row-2\">\n\t<td class=\"column-1\"><\/td>\n<\/tr>\n<\/tbody>\n<\/table>\n\n\n\n<h4 class=\"wp-block-heading\"><strong>Investigaci\u00f3n Metodol\u00f3gica<\/strong><\/h4>\n\n\n\n<p style=\"font-size:15px\">El grupo de investigaci\u00f3n LevARQ est\u00e1 trabajando en diversas l\u00edneas de investigaci\u00f3n sobre levantamiento gr\u00e1fico, definidas tecnol\u00f3gica y metodol\u00f3gicamente, que ofrecen numerosas posibilidades de interacci\u00f3n y colaboraci\u00f3n estrecha. Los campos de investigaci\u00f3n que abarcamos son de gran relevancia tanto para la arquitectura como para la arqueolog\u00eda. La combinaci\u00f3n de m\u00e9todos avanzados de levantamiento permite el estudio, an\u00e1lisis, investigaci\u00f3n y documentaci\u00f3n eficiente y altamente precisa de bienes patrimoniales, ya sean arquitect\u00f3nicos o arqueol\u00f3gicos. S\u00f3lo desde la integraci\u00f3n de las diversas t\u00e9cnicas de levantamiento, podemos llegar al conocimiento en profundidad del objeto de estudio.<\/p>\n\n\n\n<p style=\"font-size:15px\">&#8211; Metodolog\u00edas para el levantamiento gr\u00e1fico digital 2D+3D de la arquitectura y la arqueolog\u00eda: fotogrametr\u00eda y esc\u00e1ner l\u00e1ser.<\/p>\n\n\n\n<p style=\"font-size:15px\">&#8211; Especialistas en el an\u00e1lisis y catalogaci\u00f3n del patrimonio y de su territorio, utilizando para ello t\u00e9cnicas avanzadas de levantamiento gr\u00e1fico, topograf\u00eda, fotogrametr\u00eda, esc\u00e1ner l\u00e1ser 3D y sistemas de informaci\u00f3n geogr\u00e1fica, sus l\u00edneas de investigaci\u00f3n metodol\u00f3gicas son las siguientes:<\/p>\n\n\n\n<p style=\"font-size:15px\">&#8211; Aplicaciones de los drones para el levantamiento digital de la arquitectura y de la arqueolog\u00eda.<\/p>\n\n\n\n<p style=\"font-size:15px\">&#8211; Metodolog\u00edas para el levantamiento gr\u00e1fico digital de \u00e1reas intermareales y submarinas.<\/p>\n\n\n\n<p style=\"font-size:15px\">&#8211; Metodolog\u00edas para el levantamiento gr\u00e1fico digital de grandes extensiones arqueol\u00f3gicas (castillos y sitios arqueol\u00f3gicos).<\/p>\n\n\n\n<p style=\"font-size:15px\">&#8211; Generaci\u00f3n de hip\u00f3tesis reconstructivas 3D.<\/p>\n\n\n\n<p style=\"font-size:15px\">&#8211; Virtualizaci\u00f3n de fondos muse\u00edsticos para su estudio, puesta en valor y difusi\u00f3n.<\/p>\n\n\n\n<p style=\"font-size:15px\">&#8211; Aplicaciones de la fotograf\u00eda para la documentaci\u00f3n y uso inmersivo de patrimonio cultural: correcci\u00f3n, rectificaci\u00f3n, panor\u00e1micas y fotograf\u00eda esf\u00e9rica.<\/p>\n\n\n\n<p><\/p>\n\n\n\n<h4 class=\"wp-block-heading\"><strong>Investigaci\u00f3n Tem\u00e1tica<\/strong><\/h4>\n\n\n\n<p style=\"font-size:15px\">El \u00e1rea tem\u00e1tica de trabajo es el patrimonio cultural, con especial \u00e9nfasis en el patrimonio arquitect\u00f3nico y arqueol\u00f3gico. A continuaci\u00f3n destacamos l\u00edneas de investigaci\u00f3n sobre las que ya se han desarrollado proyectos, por lo que forman parte de la especialidad acumulada:<\/p>\n\n\n\n<p style=\"font-size:15px\">&#8211; Arquitectura fortificada de \u00e9poca medieval y postmedieval, especialmente la construida fruto del encuentro entre las dos culturas, musulmana y cristiana: Torres de Vig\u00eda y defensa del litoral Valenciano,  Torres musulmanas en tierras valencianas<\/p>\n\n\n\n<p style=\"font-size:15px\">&#8211; Arquitectura de tierra<\/p>\n\n\n\n<p style=\"font-size:15px\">&#8211;  Virtualizaci\u00f3n de fondos muse\u00edsticos: Museo Nazionale del Bargello,  Museo archeologico di Milano,  Museo de Prehistoria de Valencia,  Museum of London Archaeology<\/p>\n\n\n\n<p style=\"font-size:15px\">&#8211; An\u00e1lisis formal y constructivo del patrimonio arquitect\u00f3nico<\/p>\n\n\n\n<p class=\"has-small-font-size\"><\/p>\n\n\n\n<p><\/p>\n\n\n<iframe loading=\"lazy\"  id=\"_ytid_46019\"  width=\"1170\" height=\"658\"  data-origwidth=\"1170\" data-origheight=\"658\" src=\"https:\/\/www.youtube.com\/embed\/KtThnMrtnyQ?enablejsapi=1&#038;autoplay=0&#038;cc_load_policy=0&#038;cc_lang_pref=&#038;iv_load_policy=1&#038;loop=0&#038;rel=1&#038;fs=1&#038;playsinline=0&#038;autohide=2&#038;theme=dark&#038;color=red&#038;controls=1&#038;disablekb=0&#038;\" class=\"__youtube_prefs__  no-lazyload\" title=\"YouTube player\"  allow=\"fullscreen; accelerometer; autoplay; clipboard-write; encrypted-media; gyroscope; picture-in-picture; web-share\" referrerpolicy=\"strict-origin-when-cross-origin\" allowfullscreen data-no-lazy=\"1\" data-skipgform_ajax_framebjll=\"\"><\/iframe>\n\n\n<h2 class=\"wp-block-heading\"><\/h2>\n","protected":false},"excerpt":{"rendered":"<p>Investigaci\u00f3n Metodol\u00f3gica El grupo de investigaci\u00f3n LevARQ est\u00e1 trabajando en diversas l\u00edneas de investigaci\u00f3n sobre levantamiento gr\u00e1fico, definidas tecnol\u00f3gica y metodol\u00f3gicamente, que ofrecen numerosas posibilidades de interacci\u00f3n y colaboraci\u00f3n estrecha. Los campos de investigaci\u00f3n que abarcamos son de gran relevancia tanto para la arquitectura como para la arqueolog\u00eda. La combinaci\u00f3n de m\u00e9todos avanzados de levantamiento<\/p>\n<p class=\"more-link\"><a href=\"https:\/\/levarq.blogs.upv.es\/?page_id=2426\" class=\"themebutton2\">Read More<\/a><\/p>\n","protected":false},"author":995,"featured_media":0,"parent":0,"menu_order":0,"comment_status":"closed","ping_status":"closed","template":"","meta":{"footnotes":""},"class_list":["post-2426","page","type-page","status-publish","hentry"],"_links":{"self":[{"href":"https:\/\/levarq.blogs.upv.es\/index.php?rest_route=\/wp\/v2\/pages\/2426","targetHints":{"allow":["GET"]}}],"collection":[{"href":"https:\/\/levarq.blogs.upv.es\/index.php?rest_route=\/wp\/v2\/pages"}],"about":[{"href":"https:\/\/levarq.blogs.upv.es\/index.php?rest_route=\/wp\/v2\/types\/page"}],"author":[{"embeddable":true,"href":"https:\/\/levarq.blogs.upv.es\/index.php?rest_route=\/wp\/v2\/users\/995"}],"replies":[{"embeddable":true,"href":"https:\/\/levarq.blogs.upv.es\/index.php?rest_route=%2Fwp%2Fv2%2Fcomments&post=2426"}],"version-history":[{"count":3,"href":"https:\/\/levarq.blogs.upv.es\/index.php?rest_route=\/wp\/v2\/pages\/2426\/revisions"}],"predecessor-version":[{"id":5772,"href":"https:\/\/levarq.blogs.upv.es\/index.php?rest_route=\/wp\/v2\/pages\/2426\/revisions\/5772"}],"wp:attachment":[{"href":"https:\/\/levarq.blogs.upv.es\/index.php?rest_route=%2Fwp%2Fv2%2Fmedia&parent=2426"}],"curies":[{"name":"wp","href":"https:\/\/api.w.org\/{rel}","templated":true}]}}