{"id":1141,"date":"2020-06-20T17:29:40","date_gmt":"2020-06-20T16:29:40","guid":{"rendered":"http:\/\/levarq.blogs.upv.es\/?page_id=1141"},"modified":"2023-05-19T09:57:20","modified_gmt":"2023-05-19T08:57:20","slug":"formacion","status":"publish","type":"page","link":"https:\/\/levarq.blogs.upv.es\/?page_id=1141","title":{"rendered":"Formaci\u00f3n"},"content":{"rendered":"\n<figure class=\"wp-block-image size-large\"><img loading=\"lazy\" decoding=\"async\" width=\"2480\" height=\"458\" src=\"https:\/\/levarq.blogs.upv.es\/wp-content\/uploads\/2020\/11\/Formacion-estacion-1.jpg\" alt=\"\" class=\"wp-image-3711\" srcset=\"https:\/\/levarq.blogs.upv.es\/wp-content\/uploads\/2020\/11\/Formacion-estacion-1.jpg 2480w, https:\/\/levarq.blogs.upv.es\/wp-content\/uploads\/2020\/11\/Formacion-estacion-1-768x142.jpg 768w, https:\/\/levarq.blogs.upv.es\/wp-content\/uploads\/2020\/11\/Formacion-estacion-1-1536x284.jpg 1536w, https:\/\/levarq.blogs.upv.es\/wp-content\/uploads\/2020\/11\/Formacion-estacion-1-2048x378.jpg 2048w\" sizes=\"auto, (max-width: 2480px) 100vw, 2480px\" \/><\/figure>\n\n\n\n<div class=\"wp-block-group\"><div class=\"wp-block-group__inner-container is-layout-flow wp-block-group-is-layout-flow\">\n<div class=\"wp-block-group\"><div class=\"wp-block-group__inner-container is-layout-flow wp-block-group-is-layout-flow\">\n<p>Uno de los objetivos principales de LevARQ es la formaci\u00f3n. En este sentido estudiantes de <strong>Trabajo Final de M\u00e1ster y doctorandos<\/strong> pueden solicitar ser dirigidos por profesores del grupo, disponiendo del apoyo acad\u00e9mico y de la infraestructura necesaria. Adem\u00e1s, realizamos <strong>cursos de formaci\u00f3n<\/strong> sobre <strong>fotograf\u00eda, fotogrametr\u00eda 2D y 3D, esc\u00e1ner laser 3D y aplicaciones de los drones<\/strong> en distintas \u00e1reas relacionadas con el patrimonio arquitect\u00f3nico y arqueol\u00f3gico. Podemos realizar <strong>cursos bajo demanda<\/strong> para un estudio, empresa o grupo de profesionales. Entre los \u00faltimos cursos realizados podemos destacar el curso para la Asociaci\u00f3n de Profesores de Expresi\u00f3n Gr\u00e1fica Aplicada a la Edificaci\u00f3n, APEGA, sobre el uso de los drones para el levantamiento arquitect\u00f3nico; y el curso para t\u00e9cnicos de la administraci\u00f3n p\u00fablica (Generalitat Valenciana) sobre Fotograf\u00eda y Fotogrametr\u00eda para la Arquitectura.<\/p>\n<\/div><\/div>\n<\/div><\/div>\n\n\n\n<p><\/p>\n","protected":false},"excerpt":{"rendered":"<p>Uno de los objetivos principales de LevARQ es la formaci\u00f3n. En este sentido estudiantes de Trabajo Final de M\u00e1ster y doctorandos pueden solicitar ser dirigidos por profesores del grupo, disponiendo del apoyo acad\u00e9mico y de la infraestructura necesaria. Adem\u00e1s, realizamos cursos de formaci\u00f3n sobre fotograf\u00eda, fotogrametr\u00eda 2D y 3D, esc\u00e1ner laser 3D y aplicaciones de<\/p>\n<p class=\"more-link\"><a href=\"https:\/\/levarq.blogs.upv.es\/?page_id=1141\" class=\"themebutton2\">Read More<\/a><\/p>\n","protected":false},"author":995,"featured_media":0,"parent":0,"menu_order":0,"comment_status":"closed","ping_status":"closed","template":"","meta":{"footnotes":""},"class_list":["post-1141","page","type-page","status-publish","hentry"],"_links":{"self":[{"href":"https:\/\/levarq.blogs.upv.es\/index.php?rest_route=\/wp\/v2\/pages\/1141","targetHints":{"allow":["GET"]}}],"collection":[{"href":"https:\/\/levarq.blogs.upv.es\/index.php?rest_route=\/wp\/v2\/pages"}],"about":[{"href":"https:\/\/levarq.blogs.upv.es\/index.php?rest_route=\/wp\/v2\/types\/page"}],"author":[{"embeddable":true,"href":"https:\/\/levarq.blogs.upv.es\/index.php?rest_route=\/wp\/v2\/users\/995"}],"replies":[{"embeddable":true,"href":"https:\/\/levarq.blogs.upv.es\/index.php?rest_route=%2Fwp%2Fv2%2Fcomments&post=1141"}],"version-history":[{"count":2,"href":"https:\/\/levarq.blogs.upv.es\/index.php?rest_route=\/wp\/v2\/pages\/1141\/revisions"}],"predecessor-version":[{"id":5033,"href":"https:\/\/levarq.blogs.upv.es\/index.php?rest_route=\/wp\/v2\/pages\/1141\/revisions\/5033"}],"wp:attachment":[{"href":"https:\/\/levarq.blogs.upv.es\/index.php?rest_route=%2Fwp%2Fv2%2Fmedia&parent=1141"}],"curies":[{"name":"wp","href":"https:\/\/api.w.org\/{rel}","templated":true}]}}